{"id":665,"date":"2016-03-23T22:42:52","date_gmt":"2016-03-23T21:42:52","guid":{"rendered":"http:\/\/www.fuchs-hydraulik.de\/geschichte\/?lang=fr"},"modified":"2016-09-08T07:59:04","modified_gmt":"2016-09-08T05:59:04","slug":"histoire","status":"publish","type":"page","link":"https:\/\/fuchs-hydraulik.de\/fr\/histoire\/","title":{"rendered":"Histoire"},"content":{"rendered":"<div id=\"cs-content\" class=\"cs-content\"><\/div>\n","protected":false},"excerpt":{"rendered":"","protected":false},"author":1,"featured_media":0,"parent":0,"menu_order":0,"comment_status":"closed","ping_status":"closed","template":"template-blank-4.php","meta":{"footnotes":"","_links_to":"","_links_to_target":""},"class_list":["post-665","page","type-page","status-publish","hentry","no-post-thumbnail"],"yoast_head":"<!-- This site is optimized with the Yoast SEO plugin v25.7 - https:\/\/yoast.com\/wordpress\/plugins\/seo\/ -->\n<title>Fuchs-Hydraulik depuis 1955<\/title>\n<meta name=\"description\" content=\"Fuchs-Hydraulik fabrique depuis 1955 des ponts \u00e9l\u00e9vateurs \u00e0 plots, des \u00e9l\u00e9vateurs de fosse, des \u00e9l\u00e9vateurs de groupes m\u00e9caniques, des testeurs de jeu d\u2019essieu, des presses pour pivots de fus\u00e9es, des chariots \u00e0 plate-forme \u00e9l\u00e9vatrice et des syst\u00e8mes d\u2019appui et de soutien pour ateliers de m\u00e9canique automobile et v\u00e9hicules utilitaires.\" \/>\n<meta name=\"robots\" content=\"index, follow, max-snippet:-1, max-image-preview:large, max-video-preview:-1\" \/>\n<link rel=\"canonical\" href=\"https:\/\/fuchs-hydraulik.de\/fr\/histoire\/\" \/>\n<meta property=\"og:locale\" content=\"fr_FR\" \/>\n<meta property=\"og:type\" content=\"article\" \/>\n<meta property=\"og:title\" content=\"Fuchs-Hydraulik depuis 1955\" \/>\n<meta property=\"og:description\" content=\"Fuchs-Hydraulik fabrique depuis 1955 des ponts \u00e9l\u00e9vateurs \u00e0 plots, des \u00e9l\u00e9vateurs de fosse, des \u00e9l\u00e9vateurs de groupes m\u00e9caniques, des testeurs de jeu d\u2019essieu, des presses pour pivots de fus\u00e9es, des chariots \u00e0 plate-forme \u00e9l\u00e9vatrice et des syst\u00e8mes d\u2019appui et de soutien pour ateliers de m\u00e9canique automobile et v\u00e9hicules utilitaires.\" \/>\n<meta property=\"og:url\" content=\"https:\/\/fuchs-hydraulik.de\/fr\/histoire\/\" \/>\n<meta property=\"og:site_name\" content=\"Fuchs-Hydraulik\" \/>\n<meta property=\"article:modified_time\" content=\"2016-09-08T05:59:04+00:00\" \/>\n<meta name=\"twitter:card\" content=\"summary_large_image\" \/>\n<meta name=\"twitter:label1\" content=\"Dur\u00e9e de lecture estim\u00e9e\" \/>\n\t<meta name=\"twitter:data1\" content=\"2 minutes\" \/>\n<script type=\"application\/ld+json\" class=\"yoast-schema-graph\">{\"@context\":\"https:\/\/schema.org\",\"@graph\":[{\"@type\":\"WebPage\",\"@id\":\"https:\/\/fuchs-hydraulik.de\/fr\/histoire\/\",\"url\":\"https:\/\/fuchs-hydraulik.de\/fr\/histoire\/\",\"name\":\"Fuchs-Hydraulik depuis 1955\",\"isPartOf\":{\"@id\":\"https:\/\/fuchs-hydraulik.de\/#website\"},\"datePublished\":\"2016-03-23T21:42:52+00:00\",\"dateModified\":\"2016-09-08T05:59:04+00:00\",\"description\":\"Fuchs-Hydraulik fabrique depuis 1955 des ponts \u00e9l\u00e9vateurs \u00e0 plots, des \u00e9l\u00e9vateurs de fosse, des \u00e9l\u00e9vateurs de groupes m\u00e9caniques, des testeurs de jeu d\u2019essieu, des presses pour pivots de fus\u00e9es, des chariots \u00e0 plate-forme \u00e9l\u00e9vatrice et des syst\u00e8mes d\u2019appui et de soutien pour ateliers de m\u00e9canique automobile et v\u00e9hicules utilitaires.\",\"breadcrumb\":{\"@id\":\"https:\/\/fuchs-hydraulik.de\/fr\/histoire\/#breadcrumb\"},\"inLanguage\":\"fr-FR\",\"potentialAction\":[{\"@type\":\"ReadAction\",\"target\":[\"https:\/\/fuchs-hydraulik.de\/fr\/histoire\/\"]}]},{\"@type\":\"BreadcrumbList\",\"@id\":\"https:\/\/fuchs-hydraulik.de\/fr\/histoire\/#breadcrumb\",\"itemListElement\":[{\"@type\":\"ListItem\",\"position\":1,\"name\":\"Startseite\",\"item\":\"https:\/\/fuchs-hydraulik.de\/fr\/\"},{\"@type\":\"ListItem\",\"position\":2,\"name\":\"Histoire\"}]},{\"@type\":\"WebSite\",\"@id\":\"https:\/\/fuchs-hydraulik.de\/#website\",\"url\":\"https:\/\/fuchs-hydraulik.de\/\",\"name\":\"Fuchs-Hydraulik\",\"description\":\"\",\"potentialAction\":[{\"@type\":\"SearchAction\",\"target\":{\"@type\":\"EntryPoint\",\"urlTemplate\":\"https:\/\/fuchs-hydraulik.de\/?s={search_term_string}\"},\"query-input\":{\"@type\":\"PropertyValueSpecification\",\"valueRequired\":true,\"valueName\":\"search_term_string\"}}],\"inLanguage\":\"fr-FR\"}]}<\/script>\n<!-- \/ Yoast SEO plugin. -->","yoast_head_json":{"title":"Fuchs-Hydraulik depuis 1955","description":"Fuchs-Hydraulik fabrique depuis 1955 des ponts \u00e9l\u00e9vateurs \u00e0 plots, des \u00e9l\u00e9vateurs de fosse, des \u00e9l\u00e9vateurs de groupes m\u00e9caniques, des testeurs de jeu d\u2019essieu, des presses pour pivots de fus\u00e9es, des chariots \u00e0 plate-forme \u00e9l\u00e9vatrice et des syst\u00e8mes d\u2019appui et de soutien pour ateliers de m\u00e9canique automobile et v\u00e9hicules utilitaires.","robots":{"index":"index","follow":"follow","max-snippet":"max-snippet:-1","max-image-preview":"max-image-preview:large","max-video-preview":"max-video-preview:-1"},"canonical":"https:\/\/fuchs-hydraulik.de\/fr\/histoire\/","og_locale":"fr_FR","og_type":"article","og_title":"Fuchs-Hydraulik depuis 1955","og_description":"Fuchs-Hydraulik fabrique depuis 1955 des ponts \u00e9l\u00e9vateurs \u00e0 plots, des \u00e9l\u00e9vateurs de fosse, des \u00e9l\u00e9vateurs de groupes m\u00e9caniques, des testeurs de jeu d\u2019essieu, des presses pour pivots de fus\u00e9es, des chariots \u00e0 plate-forme \u00e9l\u00e9vatrice et des syst\u00e8mes d\u2019appui et de soutien pour ateliers de m\u00e9canique automobile et v\u00e9hicules utilitaires.","og_url":"https:\/\/fuchs-hydraulik.de\/fr\/histoire\/","og_site_name":"Fuchs-Hydraulik","article_modified_time":"2016-09-08T05:59:04+00:00","twitter_card":"summary_large_image","twitter_misc":{"Dur\u00e9e de lecture estim\u00e9e":"2 minutes"},"schema":{"@context":"https:\/\/schema.org","@graph":[{"@type":"WebPage","@id":"https:\/\/fuchs-hydraulik.de\/fr\/histoire\/","url":"https:\/\/fuchs-hydraulik.de\/fr\/histoire\/","name":"Fuchs-Hydraulik depuis 1955","isPartOf":{"@id":"https:\/\/fuchs-hydraulik.de\/#website"},"datePublished":"2016-03-23T21:42:52+00:00","dateModified":"2016-09-08T05:59:04+00:00","description":"Fuchs-Hydraulik fabrique depuis 1955 des ponts \u00e9l\u00e9vateurs \u00e0 plots, des \u00e9l\u00e9vateurs de fosse, des \u00e9l\u00e9vateurs de groupes m\u00e9caniques, des testeurs de jeu d\u2019essieu, des presses pour pivots de fus\u00e9es, des chariots \u00e0 plate-forme \u00e9l\u00e9vatrice et des syst\u00e8mes d\u2019appui et de soutien pour ateliers de m\u00e9canique automobile et v\u00e9hicules utilitaires.","breadcrumb":{"@id":"https:\/\/fuchs-hydraulik.de\/fr\/histoire\/#breadcrumb"},"inLanguage":"fr-FR","potentialAction":[{"@type":"ReadAction","target":["https:\/\/fuchs-hydraulik.de\/fr\/histoire\/"]}]},{"@type":"BreadcrumbList","@id":"https:\/\/fuchs-hydraulik.de\/fr\/histoire\/#breadcrumb","itemListElement":[{"@type":"ListItem","position":1,"name":"Startseite","item":"https:\/\/fuchs-hydraulik.de\/fr\/"},{"@type":"ListItem","position":2,"name":"Histoire"}]},{"@type":"WebSite","@id":"https:\/\/fuchs-hydraulik.de\/#website","url":"https:\/\/fuchs-hydraulik.de\/","name":"Fuchs-Hydraulik","description":"","potentialAction":[{"@type":"SearchAction","target":{"@type":"EntryPoint","urlTemplate":"https:\/\/fuchs-hydraulik.de\/?s={search_term_string}"},"query-input":{"@type":"PropertyValueSpecification","valueRequired":true,"valueName":"search_term_string"}}],"inLanguage":"fr-FR"}]}},"_links":{"self":[{"href":"https:\/\/fuchs-hydraulik.de\/fr\/wp-json\/wp\/v2\/pages\/665","targetHints":{"allow":["GET"]}}],"collection":[{"href":"https:\/\/fuchs-hydraulik.de\/fr\/wp-json\/wp\/v2\/pages"}],"about":[{"href":"https:\/\/fuchs-hydraulik.de\/fr\/wp-json\/wp\/v2\/types\/page"}],"author":[{"embeddable":true,"href":"https:\/\/fuchs-hydraulik.de\/fr\/wp-json\/wp\/v2\/users\/1"}],"replies":[{"embeddable":true,"href":"https:\/\/fuchs-hydraulik.de\/fr\/wp-json\/wp\/v2\/comments?post=665"}],"version-history":[{"count":5,"href":"https:\/\/fuchs-hydraulik.de\/fr\/wp-json\/wp\/v2\/pages\/665\/revisions"}],"predecessor-version":[{"id":985,"href":"https:\/\/fuchs-hydraulik.de\/fr\/wp-json\/wp\/v2\/pages\/665\/revisions\/985"}],"wp:attachment":[{"href":"https:\/\/fuchs-hydraulik.de\/fr\/wp-json\/wp\/v2\/media?parent=665"}],"curies":[{"name":"wp","href":"https:\/\/api.w.org\/{rel}","templated":true}]}}