{"id":657,"date":"2016-03-23T22:34:15","date_gmt":"2016-03-23T21:34:15","guid":{"rendered":"http:\/\/www.fuchs-hydraulik.de\/home\/?lang=fr"},"modified":"2021-06-22T15:13:29","modified_gmt":"2021-06-22T13:13:29","slug":"home","status":"publish","type":"page","link":"https:\/\/fuchs-hydraulik.de\/fr\/","title":{"rendered":"Page d\u2019accueil"},"content":{"rendered":"<div id=\"cs-content\" class=\"cs-content\"><\/div>\n","protected":false},"excerpt":{"rendered":"","protected":false},"author":1,"featured_media":0,"parent":0,"menu_order":0,"comment_status":"closed","ping_status":"closed","template":"template-blank-4.php","meta":{"footnotes":"","_links_to":"","_links_to_target":""},"class_list":["post-657","page","type-page","status-publish","hentry","no-post-thumbnail"],"yoast_head":"<!-- This site is optimized with the Yoast SEO plugin v25.7 - https:\/\/yoast.com\/wordpress\/plugins\/seo\/ -->\n<title>Fuchs-Hydraulik<\/title>\n<meta name=\"description\" content=\"uchs-Hydraulik fabrique en Allemagne des ponts de levage \u00e0 plots, des \u00e9l\u00e9vateurs de fosse, des \u00e9l\u00e9vateurs de groupes m\u00e9caniques, des testeurs hydrauliques d\u2019essieux, des presses pour pivots de fus\u00e9es, des chariots \u00e9l\u00e9vateurs et des syst\u00e8mes d\u2019appui.\" \/>\n<meta name=\"robots\" content=\"index, follow, max-snippet:-1, max-image-preview:large, max-video-preview:-1\" \/>\n<link rel=\"canonical\" href=\"https:\/\/fuchs-hydraulik.de\/fr\/\" \/>\n<meta property=\"og:locale\" content=\"fr_FR\" \/>\n<meta property=\"og:type\" content=\"article\" \/>\n<meta property=\"og:title\" content=\"Fuchs-Hydraulik\" \/>\n<meta property=\"og:description\" content=\"uchs-Hydraulik fabrique en Allemagne des ponts de levage \u00e0 plots, des \u00e9l\u00e9vateurs de fosse, des \u00e9l\u00e9vateurs de groupes m\u00e9caniques, des testeurs hydrauliques d\u2019essieux, des presses pour pivots de fus\u00e9es, des chariots \u00e9l\u00e9vateurs et des syst\u00e8mes d\u2019appui.\" \/>\n<meta property=\"og:url\" content=\"https:\/\/fuchs-hydraulik.de\/fr\/\" \/>\n<meta property=\"og:site_name\" content=\"Fuchs-Hydraulik\" \/>\n<meta property=\"article:modified_time\" content=\"2021-06-22T13:13:29+00:00\" \/>\n<meta name=\"twitter:card\" content=\"summary_large_image\" \/>\n<meta name=\"twitter:label1\" content=\"Dur\u00e9e de lecture estim\u00e9e\" \/>\n\t<meta name=\"twitter:data1\" content=\"6 minutes\" \/>\n<script type=\"application\/ld+json\" class=\"yoast-schema-graph\">{\"@context\":\"https:\/\/schema.org\",\"@graph\":[{\"@type\":\"WebPage\",\"@id\":\"https:\/\/fuchs-hydraulik.de\/fr\/\",\"url\":\"https:\/\/fuchs-hydraulik.de\/fr\/\",\"name\":\"Fuchs-Hydraulik\",\"isPartOf\":{\"@id\":\"https:\/\/fuchs-hydraulik.de\/#website\"},\"datePublished\":\"2016-03-23T21:34:15+00:00\",\"dateModified\":\"2021-06-22T13:13:29+00:00\",\"description\":\"uchs-Hydraulik fabrique en Allemagne des ponts de levage \u00e0 plots, des \u00e9l\u00e9vateurs de fosse, des \u00e9l\u00e9vateurs de groupes m\u00e9caniques, des testeurs hydrauliques d\u2019essieux, des presses pour pivots de fus\u00e9es, des chariots \u00e9l\u00e9vateurs et des syst\u00e8mes d\u2019appui.\",\"breadcrumb\":{\"@id\":\"https:\/\/fuchs-hydraulik.de\/fr\/#breadcrumb\"},\"inLanguage\":\"fr-FR\",\"potentialAction\":[{\"@type\":\"ReadAction\",\"target\":[\"https:\/\/fuchs-hydraulik.de\/fr\/\"]}]},{\"@type\":\"BreadcrumbList\",\"@id\":\"https:\/\/fuchs-hydraulik.de\/fr\/#breadcrumb\",\"itemListElement\":[{\"@type\":\"ListItem\",\"position\":1,\"name\":\"Startseite\",\"item\":\"https:\/\/fuchs-hydraulik.de\/fr\/\"},{\"@type\":\"ListItem\",\"position\":2,\"name\":\"Page d\u2019accueil\"}]},{\"@type\":\"WebSite\",\"@id\":\"https:\/\/fuchs-hydraulik.de\/#website\",\"url\":\"https:\/\/fuchs-hydraulik.de\/\",\"name\":\"Fuchs-Hydraulik\",\"description\":\"\",\"potentialAction\":[{\"@type\":\"SearchAction\",\"target\":{\"@type\":\"EntryPoint\",\"urlTemplate\":\"https:\/\/fuchs-hydraulik.de\/?s={search_term_string}\"},\"query-input\":{\"@type\":\"PropertyValueSpecification\",\"valueRequired\":true,\"valueName\":\"search_term_string\"}}],\"inLanguage\":\"fr-FR\"}]}<\/script>\n<!-- \/ Yoast SEO plugin. -->","yoast_head_json":{"title":"Fuchs-Hydraulik","description":"uchs-Hydraulik fabrique en Allemagne des ponts de levage \u00e0 plots, des \u00e9l\u00e9vateurs de fosse, des \u00e9l\u00e9vateurs de groupes m\u00e9caniques, des testeurs hydrauliques d\u2019essieux, des presses pour pivots de fus\u00e9es, des chariots \u00e9l\u00e9vateurs et des syst\u00e8mes d\u2019appui.","robots":{"index":"index","follow":"follow","max-snippet":"max-snippet:-1","max-image-preview":"max-image-preview:large","max-video-preview":"max-video-preview:-1"},"canonical":"https:\/\/fuchs-hydraulik.de\/fr\/","og_locale":"fr_FR","og_type":"article","og_title":"Fuchs-Hydraulik","og_description":"uchs-Hydraulik fabrique en Allemagne des ponts de levage \u00e0 plots, des \u00e9l\u00e9vateurs de fosse, des \u00e9l\u00e9vateurs de groupes m\u00e9caniques, des testeurs hydrauliques d\u2019essieux, des presses pour pivots de fus\u00e9es, des chariots \u00e9l\u00e9vateurs et des syst\u00e8mes d\u2019appui.","og_url":"https:\/\/fuchs-hydraulik.de\/fr\/","og_site_name":"Fuchs-Hydraulik","article_modified_time":"2021-06-22T13:13:29+00:00","twitter_card":"summary_large_image","twitter_misc":{"Dur\u00e9e de lecture estim\u00e9e":"6 minutes"},"schema":{"@context":"https:\/\/schema.org","@graph":[{"@type":"WebPage","@id":"https:\/\/fuchs-hydraulik.de\/fr\/","url":"https:\/\/fuchs-hydraulik.de\/fr\/","name":"Fuchs-Hydraulik","isPartOf":{"@id":"https:\/\/fuchs-hydraulik.de\/#website"},"datePublished":"2016-03-23T21:34:15+00:00","dateModified":"2021-06-22T13:13:29+00:00","description":"uchs-Hydraulik fabrique en Allemagne des ponts de levage \u00e0 plots, des \u00e9l\u00e9vateurs de fosse, des \u00e9l\u00e9vateurs de groupes m\u00e9caniques, des testeurs hydrauliques d\u2019essieux, des presses pour pivots de fus\u00e9es, des chariots \u00e9l\u00e9vateurs et des syst\u00e8mes d\u2019appui.","breadcrumb":{"@id":"https:\/\/fuchs-hydraulik.de\/fr\/#breadcrumb"},"inLanguage":"fr-FR","potentialAction":[{"@type":"ReadAction","target":["https:\/\/fuchs-hydraulik.de\/fr\/"]}]},{"@type":"BreadcrumbList","@id":"https:\/\/fuchs-hydraulik.de\/fr\/#breadcrumb","itemListElement":[{"@type":"ListItem","position":1,"name":"Startseite","item":"https:\/\/fuchs-hydraulik.de\/fr\/"},{"@type":"ListItem","position":2,"name":"Page d\u2019accueil"}]},{"@type":"WebSite","@id":"https:\/\/fuchs-hydraulik.de\/#website","url":"https:\/\/fuchs-hydraulik.de\/","name":"Fuchs-Hydraulik","description":"","potentialAction":[{"@type":"SearchAction","target":{"@type":"EntryPoint","urlTemplate":"https:\/\/fuchs-hydraulik.de\/?s={search_term_string}"},"query-input":{"@type":"PropertyValueSpecification","valueRequired":true,"valueName":"search_term_string"}}],"inLanguage":"fr-FR"}]}},"_links":{"self":[{"href":"https:\/\/fuchs-hydraulik.de\/fr\/wp-json\/wp\/v2\/pages\/657","targetHints":{"allow":["GET"]}}],"collection":[{"href":"https:\/\/fuchs-hydraulik.de\/fr\/wp-json\/wp\/v2\/pages"}],"about":[{"href":"https:\/\/fuchs-hydraulik.de\/fr\/wp-json\/wp\/v2\/types\/page"}],"author":[{"embeddable":true,"href":"https:\/\/fuchs-hydraulik.de\/fr\/wp-json\/wp\/v2\/users\/1"}],"replies":[{"embeddable":true,"href":"https:\/\/fuchs-hydraulik.de\/fr\/wp-json\/wp\/v2\/comments?post=657"}],"version-history":[{"count":12,"href":"https:\/\/fuchs-hydraulik.de\/fr\/wp-json\/wp\/v2\/pages\/657\/revisions"}],"predecessor-version":[{"id":14618,"href":"https:\/\/fuchs-hydraulik.de\/fr\/wp-json\/wp\/v2\/pages\/657\/revisions\/14618"}],"wp:attachment":[{"href":"https:\/\/fuchs-hydraulik.de\/fr\/wp-json\/wp\/v2\/media?parent=657"}],"curies":[{"name":"wp","href":"https:\/\/api.w.org\/{rel}","templated":true}]}}