{"id":652,"date":"2016-01-08T11:59:39","date_gmt":"2016-01-08T10:59:39","guid":{"rendered":"http:\/\/www.fuchs-hydraulik.de\/impressum\/?lang=fr"},"modified":"2018-05-25T12:28:56","modified_gmt":"2018-05-25T10:28:56","slug":"mentions-legales","status":"publish","type":"page","link":"https:\/\/fuchs-hydraulik.de\/fr\/mentions-legales\/","title":{"rendered":"Mentions l\u00e9gales"},"content":{"rendered":"<p class=\"p1\"><span class=\"s1\">Fuchs-Hydraulik GmbH<br \/>\nMeckenbacher Weg 100<br \/>\n55606 Kirn<br \/>\nT\u00e9l\u00e9phone: +49 (0) 6752-9311-0<br \/>\nFax: +49 (0) 6752-9311-88<br \/>\nCourriel: info@fuchs-hydraulik.de<br \/>\nInternet: https:\/\/www.fuchs-hydraulik.de<br \/>\nFuchs-Hydraulik GmbH est repr\u00e9sent\u00e9e par: Gesch\u00e4ftsf\u00fchrer: Uwe L\u00f6rsch und Thomas Kemmer<\/span><\/p>\n<p class=\"p1\"><span class=\"s1\">Tribunal d\u2019enregistrement: AG Bad Kreuznach<br \/>\nRegistre du commerce<br \/>\nNum\u00e9ro d\u2019enregistrement: HRB 22132<\/span><\/p>\n<p class=\"p1\"><span class=\"s1\"><i>Umsatzsteuer-Identifikationsnummer<\/i> (Num\u00e9ro d\u2019identification \u00e0 la TVA) conform\u00e9ment au \u00a7\u00a027a <i>Umsatzsteuergesetz<\/i> (<i>UStG<\/i>, loi relative \u00e0 la taxe sur le chiffre d&rsquo;affaires): DE815564075<\/span><\/p>\n<p class=\"p1\"><span class=\"s1\">Document cr\u00e9\u00e9 et r\u00e9guli\u00e8rement mis \u00e0 jour par <a href=\"https:\/\/www.datenschutz-janolaw.de\"><span class=\"s2\">janolaw AG<\/span><\/a>.<\/span><\/p>\n","protected":false},"excerpt":{"rendered":"<p>Fuchs-Hydraulik GmbH Meckenbacher Weg 100 55606 Kirn T\u00e9l\u00e9phone: +49 (0) 6752-9311-0 Fax: +49 (0) 6752-9311-88 Courriel: info@fuchs-hydraulik.de Internet: https:\/\/www.fuchs-hydraulik.de Fuchs-Hydraulik GmbH est repr\u00e9sent\u00e9e par: Gesch\u00e4ftsf\u00fchrer: Uwe L\u00f6rsch und Thomas Kemmer Tribunal d\u2019enregistrement: AG Bad Kreuznach Registre du commerce Num\u00e9ro d\u2019enregistrement: HRB 22132 Umsatzsteuer-Identifikationsnummer (Num\u00e9ro d\u2019identification \u00e0 la TVA) conform\u00e9ment au \u00a7\u00a027a Umsatzsteuergesetz (UStG, loi relative \u00e0 la taxe sur le &#8230; <\/p>\n<div><a href=\"https:\/\/fuchs-hydraulik.de\/fr\/mentions-legales\/\" class=\"more-link\">Read More<\/a><\/div>\n","protected":false},"author":1,"featured_media":0,"parent":0,"menu_order":0,"comment_status":"closed","ping_status":"closed","template":"template-layout-full-width.php","meta":{"footnotes":"","_links_to":"","_links_to_target":""},"class_list":["post-652","page","type-page","status-publish","hentry","no-post-thumbnail"],"yoast_head":"<!-- This site is optimized with the Yoast SEO plugin v25.7 - https:\/\/yoast.com\/wordpress\/plugins\/seo\/ -->\n<title>Mentions l\u00e9gales - Fuchs-Hydraulik<\/title>\n<meta name=\"robots\" content=\"index, follow, max-snippet:-1, max-image-preview:large, max-video-preview:-1\" \/>\n<link rel=\"canonical\" href=\"https:\/\/fuchs-hydraulik.de\/fr\/mentions-legales\/\" \/>\n<meta property=\"og:locale\" content=\"fr_FR\" \/>\n<meta property=\"og:type\" content=\"article\" \/>\n<meta property=\"og:title\" content=\"Mentions l\u00e9gales - Fuchs-Hydraulik\" \/>\n<meta property=\"og:description\" content=\"Fuchs-Hydraulik GmbH Meckenbacher Weg 100 55606 Kirn T\u00e9l\u00e9phone: +49 (0) 6752-9311-0 Fax: +49 (0) 6752-9311-88 Courriel: info@fuchs-hydraulik.de Internet: https:\/\/www.fuchs-hydraulik.de Fuchs-Hydraulik GmbH est repr\u00e9sent\u00e9e par: Gesch\u00e4ftsf\u00fchrer: Uwe L\u00f6rsch und Thomas Kemmer Tribunal d\u2019enregistrement: AG Bad Kreuznach Registre du commerce Num\u00e9ro d\u2019enregistrement: HRB 22132 Umsatzsteuer-Identifikationsnummer (Num\u00e9ro d\u2019identification \u00e0 la TVA) conform\u00e9ment au \u00a7\u00a027a Umsatzsteuergesetz (UStG, loi relative \u00e0 la taxe sur le ... Read More\" \/>\n<meta property=\"og:url\" content=\"https:\/\/fuchs-hydraulik.de\/fr\/mentions-legales\/\" \/>\n<meta property=\"og:site_name\" content=\"Fuchs-Hydraulik\" \/>\n<meta property=\"article:modified_time\" content=\"2018-05-25T10:28:56+00:00\" \/>\n<meta name=\"twitter:card\" content=\"summary_large_image\" \/>\n<script type=\"application\/ld+json\" class=\"yoast-schema-graph\">{\"@context\":\"https:\/\/schema.org\",\"@graph\":[{\"@type\":\"WebPage\",\"@id\":\"https:\/\/fuchs-hydraulik.de\/fr\/mentions-legales\/\",\"url\":\"https:\/\/fuchs-hydraulik.de\/fr\/mentions-legales\/\",\"name\":\"Mentions l\u00e9gales - Fuchs-Hydraulik\",\"isPartOf\":{\"@id\":\"https:\/\/fuchs-hydraulik.de\/#website\"},\"datePublished\":\"2016-01-08T10:59:39+00:00\",\"dateModified\":\"2018-05-25T10:28:56+00:00\",\"breadcrumb\":{\"@id\":\"https:\/\/fuchs-hydraulik.de\/fr\/mentions-legales\/#breadcrumb\"},\"inLanguage\":\"fr-FR\",\"potentialAction\":[{\"@type\":\"ReadAction\",\"target\":[\"https:\/\/fuchs-hydraulik.de\/fr\/mentions-legales\/\"]}]},{\"@type\":\"BreadcrumbList\",\"@id\":\"https:\/\/fuchs-hydraulik.de\/fr\/mentions-legales\/#breadcrumb\",\"itemListElement\":[{\"@type\":\"ListItem\",\"position\":1,\"name\":\"Startseite\",\"item\":\"https:\/\/fuchs-hydraulik.de\/fr\/\"},{\"@type\":\"ListItem\",\"position\":2,\"name\":\"Mentions l\u00e9gales\"}]},{\"@type\":\"WebSite\",\"@id\":\"https:\/\/fuchs-hydraulik.de\/#website\",\"url\":\"https:\/\/fuchs-hydraulik.de\/\",\"name\":\"Fuchs-Hydraulik\",\"description\":\"\",\"potentialAction\":[{\"@type\":\"SearchAction\",\"target\":{\"@type\":\"EntryPoint\",\"urlTemplate\":\"https:\/\/fuchs-hydraulik.de\/?s={search_term_string}\"},\"query-input\":{\"@type\":\"PropertyValueSpecification\",\"valueRequired\":true,\"valueName\":\"search_term_string\"}}],\"inLanguage\":\"fr-FR\"}]}<\/script>\n<!-- \/ Yoast SEO plugin. -->","yoast_head_json":{"title":"Mentions l\u00e9gales - Fuchs-Hydraulik","robots":{"index":"index","follow":"follow","max-snippet":"max-snippet:-1","max-image-preview":"max-image-preview:large","max-video-preview":"max-video-preview:-1"},"canonical":"https:\/\/fuchs-hydraulik.de\/fr\/mentions-legales\/","og_locale":"fr_FR","og_type":"article","og_title":"Mentions l\u00e9gales - Fuchs-Hydraulik","og_description":"Fuchs-Hydraulik GmbH Meckenbacher Weg 100 55606 Kirn T\u00e9l\u00e9phone: +49 (0) 6752-9311-0 Fax: +49 (0) 6752-9311-88 Courriel: info@fuchs-hydraulik.de Internet: https:\/\/www.fuchs-hydraulik.de Fuchs-Hydraulik GmbH est repr\u00e9sent\u00e9e par: Gesch\u00e4ftsf\u00fchrer: Uwe L\u00f6rsch und Thomas Kemmer Tribunal d\u2019enregistrement: AG Bad Kreuznach Registre du commerce Num\u00e9ro d\u2019enregistrement: HRB 22132 Umsatzsteuer-Identifikationsnummer (Num\u00e9ro d\u2019identification \u00e0 la TVA) conform\u00e9ment au \u00a7\u00a027a Umsatzsteuergesetz (UStG, loi relative \u00e0 la taxe sur le ... Read More","og_url":"https:\/\/fuchs-hydraulik.de\/fr\/mentions-legales\/","og_site_name":"Fuchs-Hydraulik","article_modified_time":"2018-05-25T10:28:56+00:00","twitter_card":"summary_large_image","schema":{"@context":"https:\/\/schema.org","@graph":[{"@type":"WebPage","@id":"https:\/\/fuchs-hydraulik.de\/fr\/mentions-legales\/","url":"https:\/\/fuchs-hydraulik.de\/fr\/mentions-legales\/","name":"Mentions l\u00e9gales - Fuchs-Hydraulik","isPartOf":{"@id":"https:\/\/fuchs-hydraulik.de\/#website"},"datePublished":"2016-01-08T10:59:39+00:00","dateModified":"2018-05-25T10:28:56+00:00","breadcrumb":{"@id":"https:\/\/fuchs-hydraulik.de\/fr\/mentions-legales\/#breadcrumb"},"inLanguage":"fr-FR","potentialAction":[{"@type":"ReadAction","target":["https:\/\/fuchs-hydraulik.de\/fr\/mentions-legales\/"]}]},{"@type":"BreadcrumbList","@id":"https:\/\/fuchs-hydraulik.de\/fr\/mentions-legales\/#breadcrumb","itemListElement":[{"@type":"ListItem","position":1,"name":"Startseite","item":"https:\/\/fuchs-hydraulik.de\/fr\/"},{"@type":"ListItem","position":2,"name":"Mentions l\u00e9gales"}]},{"@type":"WebSite","@id":"https:\/\/fuchs-hydraulik.de\/#website","url":"https:\/\/fuchs-hydraulik.de\/","name":"Fuchs-Hydraulik","description":"","potentialAction":[{"@type":"SearchAction","target":{"@type":"EntryPoint","urlTemplate":"https:\/\/fuchs-hydraulik.de\/?s={search_term_string}"},"query-input":{"@type":"PropertyValueSpecification","valueRequired":true,"valueName":"search_term_string"}}],"inLanguage":"fr-FR"}]}},"_links":{"self":[{"href":"https:\/\/fuchs-hydraulik.de\/fr\/wp-json\/wp\/v2\/pages\/652","targetHints":{"allow":["GET"]}}],"collection":[{"href":"https:\/\/fuchs-hydraulik.de\/fr\/wp-json\/wp\/v2\/pages"}],"about":[{"href":"https:\/\/fuchs-hydraulik.de\/fr\/wp-json\/wp\/v2\/types\/page"}],"author":[{"embeddable":true,"href":"https:\/\/fuchs-hydraulik.de\/fr\/wp-json\/wp\/v2\/users\/1"}],"replies":[{"embeddable":true,"href":"https:\/\/fuchs-hydraulik.de\/fr\/wp-json\/wp\/v2\/comments?post=652"}],"version-history":[{"count":8,"href":"https:\/\/fuchs-hydraulik.de\/fr\/wp-json\/wp\/v2\/pages\/652\/revisions"}],"predecessor-version":[{"id":1574,"href":"https:\/\/fuchs-hydraulik.de\/fr\/wp-json\/wp\/v2\/pages\/652\/revisions\/1574"}],"wp:attachment":[{"href":"https:\/\/fuchs-hydraulik.de\/fr\/wp-json\/wp\/v2\/media?parent=652"}],"curies":[{"name":"wp","href":"https:\/\/api.w.org\/{rel}","templated":true}]}}