{"id":636,"date":"2016-04-16T12:22:09","date_gmt":"2016-04-16T10:22:09","guid":{"rendered":"http:\/\/www.fuchs-hydraulik.de\/sonderkonstruktionen\/?lang=fr"},"modified":"2016-09-05T16:30:43","modified_gmt":"2016-09-05T14:30:43","slug":"constructions-speciales","status":"publish","type":"page","link":"https:\/\/fuchs-hydraulik.de\/fr\/produits\/constructions-speciales\/","title":{"rendered":"Constructions sp\u00e9ciales"},"content":{"rendered":"<div id=\"cs-content\" class=\"cs-content\"><\/div>\n","protected":false},"excerpt":{"rendered":"","protected":false},"author":1,"featured_media":0,"parent":670,"menu_order":0,"comment_status":"closed","ping_status":"closed","template":"template-blank-4.php","meta":{"footnotes":"","_links_to":"","_links_to_target":""},"class_list":["post-636","page","type-page","status-publish","hentry","no-post-thumbnail"],"yoast_head":"<!-- This site is optimized with the Yoast SEO plugin v25.7 - https:\/\/yoast.com\/wordpress\/plugins\/seo\/ -->\n<title>Constructions sp\u00e9ciales - Fuchs-Hydraulik<\/title>\n<meta name=\"description\" content=\"Fuchs-Hydraulik est votre interlocuteur privil\u00e9gi\u00e9 pour toute construction sp\u00e9ciale. Nous construisons, d\u00e9veloppons et fabriquons ensuite le produit pr\u00e9vu \u00e0 votre intention.\" \/>\n<meta name=\"robots\" content=\"index, follow, max-snippet:-1, max-image-preview:large, max-video-preview:-1\" \/>\n<link rel=\"canonical\" href=\"https:\/\/fuchs-hydraulik.de\/fr\/produits\/constructions-speciales\/\" \/>\n<meta property=\"og:locale\" content=\"fr_FR\" \/>\n<meta property=\"og:type\" content=\"article\" \/>\n<meta property=\"og:title\" content=\"Constructions sp\u00e9ciales - Fuchs-Hydraulik\" \/>\n<meta property=\"og:description\" content=\"Fuchs-Hydraulik est votre interlocuteur privil\u00e9gi\u00e9 pour toute construction sp\u00e9ciale. Nous construisons, d\u00e9veloppons et fabriquons ensuite le produit pr\u00e9vu \u00e0 votre intention.\" \/>\n<meta property=\"og:url\" content=\"https:\/\/fuchs-hydraulik.de\/fr\/produits\/constructions-speciales\/\" \/>\n<meta property=\"og:site_name\" content=\"Fuchs-Hydraulik\" \/>\n<meta property=\"article:modified_time\" content=\"2016-09-05T14:30:43+00:00\" \/>\n<meta name=\"twitter:card\" content=\"summary_large_image\" \/>\n<meta name=\"twitter:label1\" content=\"Dur\u00e9e de lecture estim\u00e9e\" \/>\n\t<meta name=\"twitter:data1\" content=\"3 minutes\" \/>\n<script type=\"application\/ld+json\" class=\"yoast-schema-graph\">{\"@context\":\"https:\/\/schema.org\",\"@graph\":[{\"@type\":\"WebPage\",\"@id\":\"https:\/\/fuchs-hydraulik.de\/fr\/produits\/constructions-speciales\/\",\"url\":\"https:\/\/fuchs-hydraulik.de\/fr\/produits\/constructions-speciales\/\",\"name\":\"Constructions sp\u00e9ciales - Fuchs-Hydraulik\",\"isPartOf\":{\"@id\":\"https:\/\/fuchs-hydraulik.de\/#website\"},\"datePublished\":\"2016-04-16T10:22:09+00:00\",\"dateModified\":\"2016-09-05T14:30:43+00:00\",\"description\":\"Fuchs-Hydraulik est votre interlocuteur privil\u00e9gi\u00e9 pour toute construction sp\u00e9ciale. Nous construisons, d\u00e9veloppons et fabriquons ensuite le produit pr\u00e9vu \u00e0 votre intention.\",\"breadcrumb\":{\"@id\":\"https:\/\/fuchs-hydraulik.de\/fr\/produits\/constructions-speciales\/#breadcrumb\"},\"inLanguage\":\"fr-FR\",\"potentialAction\":[{\"@type\":\"ReadAction\",\"target\":[\"https:\/\/fuchs-hydraulik.de\/fr\/produits\/constructions-speciales\/\"]}]},{\"@type\":\"BreadcrumbList\",\"@id\":\"https:\/\/fuchs-hydraulik.de\/fr\/produits\/constructions-speciales\/#breadcrumb\",\"itemListElement\":[{\"@type\":\"ListItem\",\"position\":1,\"name\":\"Startseite\",\"item\":\"https:\/\/fuchs-hydraulik.de\/fr\/\"},{\"@type\":\"ListItem\",\"position\":2,\"name\":\"Produits\",\"item\":\"http:\/\/www.fuchs-hydraulik.de\/fr\/produits\/ponts-elevateurs-a-plots-electro-hydrauliques\/\"},{\"@type\":\"ListItem\",\"position\":3,\"name\":\"Constructions sp\u00e9ciales\"}]},{\"@type\":\"WebSite\",\"@id\":\"https:\/\/fuchs-hydraulik.de\/#website\",\"url\":\"https:\/\/fuchs-hydraulik.de\/\",\"name\":\"Fuchs-Hydraulik\",\"description\":\"\",\"potentialAction\":[{\"@type\":\"SearchAction\",\"target\":{\"@type\":\"EntryPoint\",\"urlTemplate\":\"https:\/\/fuchs-hydraulik.de\/?s={search_term_string}\"},\"query-input\":{\"@type\":\"PropertyValueSpecification\",\"valueRequired\":true,\"valueName\":\"search_term_string\"}}],\"inLanguage\":\"fr-FR\"}]}<\/script>\n<!-- \/ Yoast SEO plugin. -->","yoast_head_json":{"title":"Constructions sp\u00e9ciales - Fuchs-Hydraulik","description":"Fuchs-Hydraulik est votre interlocuteur privil\u00e9gi\u00e9 pour toute construction sp\u00e9ciale. Nous construisons, d\u00e9veloppons et fabriquons ensuite le produit pr\u00e9vu \u00e0 votre intention.","robots":{"index":"index","follow":"follow","max-snippet":"max-snippet:-1","max-image-preview":"max-image-preview:large","max-video-preview":"max-video-preview:-1"},"canonical":"https:\/\/fuchs-hydraulik.de\/fr\/produits\/constructions-speciales\/","og_locale":"fr_FR","og_type":"article","og_title":"Constructions sp\u00e9ciales - Fuchs-Hydraulik","og_description":"Fuchs-Hydraulik est votre interlocuteur privil\u00e9gi\u00e9 pour toute construction sp\u00e9ciale. Nous construisons, d\u00e9veloppons et fabriquons ensuite le produit pr\u00e9vu \u00e0 votre intention.","og_url":"https:\/\/fuchs-hydraulik.de\/fr\/produits\/constructions-speciales\/","og_site_name":"Fuchs-Hydraulik","article_modified_time":"2016-09-05T14:30:43+00:00","twitter_card":"summary_large_image","twitter_misc":{"Dur\u00e9e de lecture estim\u00e9e":"3 minutes"},"schema":{"@context":"https:\/\/schema.org","@graph":[{"@type":"WebPage","@id":"https:\/\/fuchs-hydraulik.de\/fr\/produits\/constructions-speciales\/","url":"https:\/\/fuchs-hydraulik.de\/fr\/produits\/constructions-speciales\/","name":"Constructions sp\u00e9ciales - Fuchs-Hydraulik","isPartOf":{"@id":"https:\/\/fuchs-hydraulik.de\/#website"},"datePublished":"2016-04-16T10:22:09+00:00","dateModified":"2016-09-05T14:30:43+00:00","description":"Fuchs-Hydraulik est votre interlocuteur privil\u00e9gi\u00e9 pour toute construction sp\u00e9ciale. Nous construisons, d\u00e9veloppons et fabriquons ensuite le produit pr\u00e9vu \u00e0 votre intention.","breadcrumb":{"@id":"https:\/\/fuchs-hydraulik.de\/fr\/produits\/constructions-speciales\/#breadcrumb"},"inLanguage":"fr-FR","potentialAction":[{"@type":"ReadAction","target":["https:\/\/fuchs-hydraulik.de\/fr\/produits\/constructions-speciales\/"]}]},{"@type":"BreadcrumbList","@id":"https:\/\/fuchs-hydraulik.de\/fr\/produits\/constructions-speciales\/#breadcrumb","itemListElement":[{"@type":"ListItem","position":1,"name":"Startseite","item":"https:\/\/fuchs-hydraulik.de\/fr\/"},{"@type":"ListItem","position":2,"name":"Produits","item":"http:\/\/www.fuchs-hydraulik.de\/fr\/produits\/ponts-elevateurs-a-plots-electro-hydrauliques\/"},{"@type":"ListItem","position":3,"name":"Constructions sp\u00e9ciales"}]},{"@type":"WebSite","@id":"https:\/\/fuchs-hydraulik.de\/#website","url":"https:\/\/fuchs-hydraulik.de\/","name":"Fuchs-Hydraulik","description":"","potentialAction":[{"@type":"SearchAction","target":{"@type":"EntryPoint","urlTemplate":"https:\/\/fuchs-hydraulik.de\/?s={search_term_string}"},"query-input":{"@type":"PropertyValueSpecification","valueRequired":true,"valueName":"search_term_string"}}],"inLanguage":"fr-FR"}]}},"_links":{"self":[{"href":"https:\/\/fuchs-hydraulik.de\/fr\/wp-json\/wp\/v2\/pages\/636","targetHints":{"allow":["GET"]}}],"collection":[{"href":"https:\/\/fuchs-hydraulik.de\/fr\/wp-json\/wp\/v2\/pages"}],"about":[{"href":"https:\/\/fuchs-hydraulik.de\/fr\/wp-json\/wp\/v2\/types\/page"}],"author":[{"embeddable":true,"href":"https:\/\/fuchs-hydraulik.de\/fr\/wp-json\/wp\/v2\/users\/1"}],"replies":[{"embeddable":true,"href":"https:\/\/fuchs-hydraulik.de\/fr\/wp-json\/wp\/v2\/comments?post=636"}],"version-history":[{"count":4,"href":"https:\/\/fuchs-hydraulik.de\/fr\/wp-json\/wp\/v2\/pages\/636\/revisions"}],"predecessor-version":[{"id":640,"href":"https:\/\/fuchs-hydraulik.de\/fr\/wp-json\/wp\/v2\/pages\/636\/revisions\/640"}],"up":[{"embeddable":true,"href":"https:\/\/fuchs-hydraulik.de\/fr\/wp-json\/wp\/v2\/pages\/670"}],"wp:attachment":[{"href":"https:\/\/fuchs-hydraulik.de\/fr\/wp-json\/wp\/v2\/media?parent=636"}],"curies":[{"name":"wp","href":"https:\/\/api.w.org\/{rel}","templated":true}]}}