{"id":631,"date":"2016-04-11T19:05:17","date_gmt":"2016-04-11T17:05:17","guid":{"rendered":"http:\/\/www.fuchs-hydraulik.de\/hubwagen\/?lang=fr"},"modified":"2017-03-02T15:29:52","modified_gmt":"2017-03-02T14:29:52","slug":"chariot-a-plate-forme-elevatrice-hydraulique","status":"publish","type":"page","link":"https:\/\/fuchs-hydraulik.de\/fr\/produits\/chariot-a-plate-forme-elevatrice-hydraulique\/","title":{"rendered":"Chariot \u00e0 plate-forme \u00e9l\u00e9vatrice hydraulique"},"content":{"rendered":"<div id=\"cs-content\" class=\"cs-content\"><\/div>\n","protected":false},"excerpt":{"rendered":"","protected":false},"author":1,"featured_media":0,"parent":670,"menu_order":0,"comment_status":"closed","ping_status":"closed","template":"template-blank-4.php","meta":{"footnotes":"","_links_to":"","_links_to_target":""},"class_list":["post-631","page","type-page","status-publish","hentry","no-post-thumbnail"],"yoast_head":"<!-- This site is optimized with the Yoast SEO plugin v25.7 - https:\/\/yoast.com\/wordpress\/plugins\/seo\/ -->\n<title>Chariot \u00e0 plate-forme \u00e9l\u00e9vatrice hydraulique<\/title>\n<meta name=\"description\" content=\"Fuchs-Hydraulik fabrique des chariots \u00e0 plate-forme \u00e9l\u00e9vatrice certifi\u00e9s CE \u00e0 ciseaux et parall\u00e8les d\u2019une force portante de 2500 kg pour l\u2019atelier VU.\" \/>\n<meta name=\"robots\" content=\"index, follow, max-snippet:-1, max-image-preview:large, max-video-preview:-1\" \/>\n<link rel=\"canonical\" href=\"https:\/\/fuchs-hydraulik.de\/fr\/produits\/chariot-a-plate-forme-elevatrice-hydraulique\/\" \/>\n<meta property=\"og:locale\" content=\"fr_FR\" \/>\n<meta property=\"og:type\" content=\"article\" \/>\n<meta property=\"og:title\" content=\"Chariot \u00e0 plate-forme \u00e9l\u00e9vatrice hydraulique\" \/>\n<meta property=\"og:description\" content=\"Fuchs-Hydraulik fabrique des chariots \u00e0 plate-forme \u00e9l\u00e9vatrice certifi\u00e9s CE \u00e0 ciseaux et parall\u00e8les d\u2019une force portante de 2500 kg pour l\u2019atelier VU.\" \/>\n<meta property=\"og:url\" content=\"https:\/\/fuchs-hydraulik.de\/fr\/produits\/chariot-a-plate-forme-elevatrice-hydraulique\/\" \/>\n<meta property=\"og:site_name\" content=\"Fuchs-Hydraulik\" \/>\n<meta property=\"article:modified_time\" content=\"2017-03-02T14:29:52+00:00\" \/>\n<meta property=\"og:image\" content=\"http:\/\/www.fuchs-hydraulik.de\/wp-content\/uploads\/2016\/04\/pdf.png\" \/>\n<meta name=\"twitter:card\" content=\"summary_large_image\" \/>\n<meta name=\"twitter:label1\" content=\"Dur\u00e9e de lecture estim\u00e9e\" \/>\n\t<meta name=\"twitter:data1\" content=\"6 minutes\" \/>\n<script type=\"application\/ld+json\" class=\"yoast-schema-graph\">{\"@context\":\"https:\/\/schema.org\",\"@graph\":[{\"@type\":\"WebPage\",\"@id\":\"https:\/\/fuchs-hydraulik.de\/fr\/produits\/chariot-a-plate-forme-elevatrice-hydraulique\/\",\"url\":\"https:\/\/fuchs-hydraulik.de\/fr\/produits\/chariot-a-plate-forme-elevatrice-hydraulique\/\",\"name\":\"Chariot \u00e0 plate-forme \u00e9l\u00e9vatrice hydraulique\",\"isPartOf\":{\"@id\":\"https:\/\/fuchs-hydraulik.de\/#website\"},\"primaryImageOfPage\":{\"@id\":\"https:\/\/fuchs-hydraulik.de\/fr\/produits\/chariot-a-plate-forme-elevatrice-hydraulique\/#primaryimage\"},\"image\":{\"@id\":\"https:\/\/fuchs-hydraulik.de\/fr\/produits\/chariot-a-plate-forme-elevatrice-hydraulique\/#primaryimage\"},\"thumbnailUrl\":\"http:\/\/www.fuchs-hydraulik.de\/wp-content\/uploads\/2016\/04\/pdf.png\",\"datePublished\":\"2016-04-11T17:05:17+00:00\",\"dateModified\":\"2017-03-02T14:29:52+00:00\",\"description\":\"Fuchs-Hydraulik fabrique des chariots \u00e0 plate-forme \u00e9l\u00e9vatrice certifi\u00e9s CE \u00e0 ciseaux et parall\u00e8les d\u2019une force portante de 2500 kg pour l\u2019atelier VU.\",\"breadcrumb\":{\"@id\":\"https:\/\/fuchs-hydraulik.de\/fr\/produits\/chariot-a-plate-forme-elevatrice-hydraulique\/#breadcrumb\"},\"inLanguage\":\"fr-FR\",\"potentialAction\":[{\"@type\":\"ReadAction\",\"target\":[\"https:\/\/fuchs-hydraulik.de\/fr\/produits\/chariot-a-plate-forme-elevatrice-hydraulique\/\"]}]},{\"@type\":\"ImageObject\",\"inLanguage\":\"fr-FR\",\"@id\":\"https:\/\/fuchs-hydraulik.de\/fr\/produits\/chariot-a-plate-forme-elevatrice-hydraulique\/#primaryimage\",\"url\":\"http:\/\/www.fuchs-hydraulik.de\/wp-content\/uploads\/2016\/04\/pdf.png\",\"contentUrl\":\"http:\/\/www.fuchs-hydraulik.de\/wp-content\/uploads\/2016\/04\/pdf.png\"},{\"@type\":\"BreadcrumbList\",\"@id\":\"https:\/\/fuchs-hydraulik.de\/fr\/produits\/chariot-a-plate-forme-elevatrice-hydraulique\/#breadcrumb\",\"itemListElement\":[{\"@type\":\"ListItem\",\"position\":1,\"name\":\"Startseite\",\"item\":\"https:\/\/fuchs-hydraulik.de\/fr\/\"},{\"@type\":\"ListItem\",\"position\":2,\"name\":\"Produits\",\"item\":\"http:\/\/www.fuchs-hydraulik.de\/fr\/produits\/ponts-elevateurs-a-plots-electro-hydrauliques\/\"},{\"@type\":\"ListItem\",\"position\":3,\"name\":\"Chariot \u00e0 plate-forme \u00e9l\u00e9vatrice hydraulique\"}]},{\"@type\":\"WebSite\",\"@id\":\"https:\/\/fuchs-hydraulik.de\/#website\",\"url\":\"https:\/\/fuchs-hydraulik.de\/\",\"name\":\"Fuchs-Hydraulik\",\"description\":\"\",\"potentialAction\":[{\"@type\":\"SearchAction\",\"target\":{\"@type\":\"EntryPoint\",\"urlTemplate\":\"https:\/\/fuchs-hydraulik.de\/?s={search_term_string}\"},\"query-input\":{\"@type\":\"PropertyValueSpecification\",\"valueRequired\":true,\"valueName\":\"search_term_string\"}}],\"inLanguage\":\"fr-FR\"}]}<\/script>\n<!-- \/ Yoast SEO plugin. -->","yoast_head_json":{"title":"Chariot \u00e0 plate-forme \u00e9l\u00e9vatrice hydraulique","description":"Fuchs-Hydraulik fabrique des chariots \u00e0 plate-forme \u00e9l\u00e9vatrice certifi\u00e9s CE \u00e0 ciseaux et parall\u00e8les d\u2019une force portante de 2500 kg pour l\u2019atelier VU.","robots":{"index":"index","follow":"follow","max-snippet":"max-snippet:-1","max-image-preview":"max-image-preview:large","max-video-preview":"max-video-preview:-1"},"canonical":"https:\/\/fuchs-hydraulik.de\/fr\/produits\/chariot-a-plate-forme-elevatrice-hydraulique\/","og_locale":"fr_FR","og_type":"article","og_title":"Chariot \u00e0 plate-forme \u00e9l\u00e9vatrice hydraulique","og_description":"Fuchs-Hydraulik fabrique des chariots \u00e0 plate-forme \u00e9l\u00e9vatrice certifi\u00e9s CE \u00e0 ciseaux et parall\u00e8les d\u2019une force portante de 2500 kg pour l\u2019atelier VU.","og_url":"https:\/\/fuchs-hydraulik.de\/fr\/produits\/chariot-a-plate-forme-elevatrice-hydraulique\/","og_site_name":"Fuchs-Hydraulik","article_modified_time":"2017-03-02T14:29:52+00:00","og_image":[{"url":"http:\/\/www.fuchs-hydraulik.de\/wp-content\/uploads\/2016\/04\/pdf.png","type":"","width":"","height":""}],"twitter_card":"summary_large_image","twitter_misc":{"Dur\u00e9e de lecture estim\u00e9e":"6 minutes"},"schema":{"@context":"https:\/\/schema.org","@graph":[{"@type":"WebPage","@id":"https:\/\/fuchs-hydraulik.de\/fr\/produits\/chariot-a-plate-forme-elevatrice-hydraulique\/","url":"https:\/\/fuchs-hydraulik.de\/fr\/produits\/chariot-a-plate-forme-elevatrice-hydraulique\/","name":"Chariot \u00e0 plate-forme \u00e9l\u00e9vatrice hydraulique","isPartOf":{"@id":"https:\/\/fuchs-hydraulik.de\/#website"},"primaryImageOfPage":{"@id":"https:\/\/fuchs-hydraulik.de\/fr\/produits\/chariot-a-plate-forme-elevatrice-hydraulique\/#primaryimage"},"image":{"@id":"https:\/\/fuchs-hydraulik.de\/fr\/produits\/chariot-a-plate-forme-elevatrice-hydraulique\/#primaryimage"},"thumbnailUrl":"http:\/\/www.fuchs-hydraulik.de\/wp-content\/uploads\/2016\/04\/pdf.png","datePublished":"2016-04-11T17:05:17+00:00","dateModified":"2017-03-02T14:29:52+00:00","description":"Fuchs-Hydraulik fabrique des chariots \u00e0 plate-forme \u00e9l\u00e9vatrice certifi\u00e9s CE \u00e0 ciseaux et parall\u00e8les d\u2019une force portante de 2500 kg pour l\u2019atelier VU.","breadcrumb":{"@id":"https:\/\/fuchs-hydraulik.de\/fr\/produits\/chariot-a-plate-forme-elevatrice-hydraulique\/#breadcrumb"},"inLanguage":"fr-FR","potentialAction":[{"@type":"ReadAction","target":["https:\/\/fuchs-hydraulik.de\/fr\/produits\/chariot-a-plate-forme-elevatrice-hydraulique\/"]}]},{"@type":"ImageObject","inLanguage":"fr-FR","@id":"https:\/\/fuchs-hydraulik.de\/fr\/produits\/chariot-a-plate-forme-elevatrice-hydraulique\/#primaryimage","url":"http:\/\/www.fuchs-hydraulik.de\/wp-content\/uploads\/2016\/04\/pdf.png","contentUrl":"http:\/\/www.fuchs-hydraulik.de\/wp-content\/uploads\/2016\/04\/pdf.png"},{"@type":"BreadcrumbList","@id":"https:\/\/fuchs-hydraulik.de\/fr\/produits\/chariot-a-plate-forme-elevatrice-hydraulique\/#breadcrumb","itemListElement":[{"@type":"ListItem","position":1,"name":"Startseite","item":"https:\/\/fuchs-hydraulik.de\/fr\/"},{"@type":"ListItem","position":2,"name":"Produits","item":"http:\/\/www.fuchs-hydraulik.de\/fr\/produits\/ponts-elevateurs-a-plots-electro-hydrauliques\/"},{"@type":"ListItem","position":3,"name":"Chariot \u00e0 plate-forme \u00e9l\u00e9vatrice hydraulique"}]},{"@type":"WebSite","@id":"https:\/\/fuchs-hydraulik.de\/#website","url":"https:\/\/fuchs-hydraulik.de\/","name":"Fuchs-Hydraulik","description":"","potentialAction":[{"@type":"SearchAction","target":{"@type":"EntryPoint","urlTemplate":"https:\/\/fuchs-hydraulik.de\/?s={search_term_string}"},"query-input":{"@type":"PropertyValueSpecification","valueRequired":true,"valueName":"search_term_string"}}],"inLanguage":"fr-FR"}]}},"_links":{"self":[{"href":"https:\/\/fuchs-hydraulik.de\/fr\/wp-json\/wp\/v2\/pages\/631","targetHints":{"allow":["GET"]}}],"collection":[{"href":"https:\/\/fuchs-hydraulik.de\/fr\/wp-json\/wp\/v2\/pages"}],"about":[{"href":"https:\/\/fuchs-hydraulik.de\/fr\/wp-json\/wp\/v2\/types\/page"}],"author":[{"embeddable":true,"href":"https:\/\/fuchs-hydraulik.de\/fr\/wp-json\/wp\/v2\/users\/1"}],"replies":[{"embeddable":true,"href":"https:\/\/fuchs-hydraulik.de\/fr\/wp-json\/wp\/v2\/comments?post=631"}],"version-history":[{"count":7,"href":"https:\/\/fuchs-hydraulik.de\/fr\/wp-json\/wp\/v2\/pages\/631\/revisions"}],"predecessor-version":[{"id":1372,"href":"https:\/\/fuchs-hydraulik.de\/fr\/wp-json\/wp\/v2\/pages\/631\/revisions\/1372"}],"up":[{"embeddable":true,"href":"https:\/\/fuchs-hydraulik.de\/fr\/wp-json\/wp\/v2\/pages\/670"}],"wp:attachment":[{"href":"https:\/\/fuchs-hydraulik.de\/fr\/wp-json\/wp\/v2\/media?parent=631"}],"curies":[{"name":"wp","href":"https:\/\/api.w.org\/{rel}","templated":true}]}}