{"id":623,"date":"2016-04-11T20:32:16","date_gmt":"2016-04-11T18:32:16","guid":{"rendered":"http:\/\/www.fuchs-hydraulik.de\/elektro-hydraulische-stempel-hebebuehnen\/?lang=fr"},"modified":"2017-12-15T21:21:25","modified_gmt":"2017-12-15T20:21:25","slug":"ponts-elevateurs-a-plots-electro-hydrauliques","status":"publish","type":"page","link":"https:\/\/fuchs-hydraulik.de\/fr\/produits\/ponts-elevateurs-a-plots-electro-hydrauliques\/","title":{"rendered":"Ponts \u00e9l\u00e9vateurs \u00e0 plots \u00e9lectro-hydrauliques"},"content":{"rendered":"<div id=\"cs-content\" class=\"cs-content\"><\/div>\n","protected":false},"excerpt":{"rendered":"","protected":false},"author":1,"featured_media":0,"parent":670,"menu_order":0,"comment_status":"closed","ping_status":"closed","template":"template-blank-4.php","meta":{"footnotes":"","_links_to":"","_links_to_target":""},"class_list":["post-623","page","type-page","status-publish","hentry","no-post-thumbnail"],"yoast_head":"<!-- This site is optimized with the Yoast SEO plugin v25.7 - https:\/\/yoast.com\/wordpress\/plugins\/seo\/ -->\n<title>Ponts \u00e9l\u00e9vateurs \u00e0 plots \u00e9lectro-hydrauliques<\/title>\n<meta name=\"description\" content=\"Fuchs-Hydraulik fabrique des ponts \u00e9l\u00e9vateurs \u00e0 plots en construction t\u00e9lescopique et en version \u00e0 piston plongeant pour l\u2019atelier moderne VU.\" \/>\n<meta name=\"robots\" content=\"index, follow, max-snippet:-1, max-image-preview:large, max-video-preview:-1\" \/>\n<link rel=\"canonical\" href=\"https:\/\/fuchs-hydraulik.de\/fr\/produits\/ponts-elevateurs-a-plots-electro-hydrauliques\/\" \/>\n<meta property=\"og:locale\" content=\"fr_FR\" \/>\n<meta property=\"og:type\" content=\"article\" \/>\n<meta property=\"og:title\" content=\"Ponts \u00e9l\u00e9vateurs \u00e0 plots \u00e9lectro-hydrauliques\" \/>\n<meta property=\"og:description\" content=\"Fuchs-Hydraulik fabrique des ponts \u00e9l\u00e9vateurs \u00e0 plots en construction t\u00e9lescopique et en version \u00e0 piston plongeant pour l\u2019atelier moderne VU.\" \/>\n<meta property=\"og:url\" content=\"https:\/\/fuchs-hydraulik.de\/fr\/produits\/ponts-elevateurs-a-plots-electro-hydrauliques\/\" \/>\n<meta property=\"og:site_name\" content=\"Fuchs-Hydraulik\" \/>\n<meta property=\"article:modified_time\" content=\"2017-12-15T20:21:25+00:00\" \/>\n<meta property=\"og:image\" content=\"http:\/\/www.fuchs-hydraulik.de\/wp-content\/uploads\/2016\/04\/pdf.png\" \/>\n<meta name=\"twitter:card\" content=\"summary_large_image\" \/>\n<meta name=\"twitter:label1\" content=\"Dur\u00e9e de lecture estim\u00e9e\" \/>\n\t<meta name=\"twitter:data1\" content=\"13 minutes\" \/>\n<script type=\"application\/ld+json\" class=\"yoast-schema-graph\">{\"@context\":\"https:\/\/schema.org\",\"@graph\":[{\"@type\":\"WebPage\",\"@id\":\"https:\/\/fuchs-hydraulik.de\/fr\/produits\/ponts-elevateurs-a-plots-electro-hydrauliques\/\",\"url\":\"https:\/\/fuchs-hydraulik.de\/fr\/produits\/ponts-elevateurs-a-plots-electro-hydrauliques\/\",\"name\":\"Ponts \u00e9l\u00e9vateurs \u00e0 plots \u00e9lectro-hydrauliques\",\"isPartOf\":{\"@id\":\"https:\/\/fuchs-hydraulik.de\/#website\"},\"primaryImageOfPage\":{\"@id\":\"https:\/\/fuchs-hydraulik.de\/fr\/produits\/ponts-elevateurs-a-plots-electro-hydrauliques\/#primaryimage\"},\"image\":{\"@id\":\"https:\/\/fuchs-hydraulik.de\/fr\/produits\/ponts-elevateurs-a-plots-electro-hydrauliques\/#primaryimage\"},\"thumbnailUrl\":\"http:\/\/www.fuchs-hydraulik.de\/wp-content\/uploads\/2016\/04\/pdf.png\",\"datePublished\":\"2016-04-11T18:32:16+00:00\",\"dateModified\":\"2017-12-15T20:21:25+00:00\",\"description\":\"Fuchs-Hydraulik fabrique des ponts \u00e9l\u00e9vateurs \u00e0 plots en construction t\u00e9lescopique et en version \u00e0 piston plongeant pour l\u2019atelier moderne VU.\",\"breadcrumb\":{\"@id\":\"https:\/\/fuchs-hydraulik.de\/fr\/produits\/ponts-elevateurs-a-plots-electro-hydrauliques\/#breadcrumb\"},\"inLanguage\":\"fr-FR\",\"potentialAction\":[{\"@type\":\"ReadAction\",\"target\":[\"https:\/\/fuchs-hydraulik.de\/fr\/produits\/ponts-elevateurs-a-plots-electro-hydrauliques\/\"]}]},{\"@type\":\"ImageObject\",\"inLanguage\":\"fr-FR\",\"@id\":\"https:\/\/fuchs-hydraulik.de\/fr\/produits\/ponts-elevateurs-a-plots-electro-hydrauliques\/#primaryimage\",\"url\":\"http:\/\/www.fuchs-hydraulik.de\/wp-content\/uploads\/2016\/04\/pdf.png\",\"contentUrl\":\"http:\/\/www.fuchs-hydraulik.de\/wp-content\/uploads\/2016\/04\/pdf.png\"},{\"@type\":\"BreadcrumbList\",\"@id\":\"https:\/\/fuchs-hydraulik.de\/fr\/produits\/ponts-elevateurs-a-plots-electro-hydrauliques\/#breadcrumb\",\"itemListElement\":[{\"@type\":\"ListItem\",\"position\":1,\"name\":\"Startseite\",\"item\":\"https:\/\/fuchs-hydraulik.de\/fr\/\"},{\"@type\":\"ListItem\",\"position\":2,\"name\":\"Produits\",\"item\":\"http:\/\/www.fuchs-hydraulik.de\/fr\/produits\/ponts-elevateurs-a-plots-electro-hydrauliques\/\"},{\"@type\":\"ListItem\",\"position\":3,\"name\":\"Ponts \u00e9l\u00e9vateurs \u00e0 plots \u00e9lectro-hydrauliques\"}]},{\"@type\":\"WebSite\",\"@id\":\"https:\/\/fuchs-hydraulik.de\/#website\",\"url\":\"https:\/\/fuchs-hydraulik.de\/\",\"name\":\"Fuchs-Hydraulik\",\"description\":\"\",\"potentialAction\":[{\"@type\":\"SearchAction\",\"target\":{\"@type\":\"EntryPoint\",\"urlTemplate\":\"https:\/\/fuchs-hydraulik.de\/?s={search_term_string}\"},\"query-input\":{\"@type\":\"PropertyValueSpecification\",\"valueRequired\":true,\"valueName\":\"search_term_string\"}}],\"inLanguage\":\"fr-FR\"}]}<\/script>\n<!-- \/ Yoast SEO plugin. -->","yoast_head_json":{"title":"Ponts \u00e9l\u00e9vateurs \u00e0 plots \u00e9lectro-hydrauliques","description":"Fuchs-Hydraulik fabrique des ponts \u00e9l\u00e9vateurs \u00e0 plots en construction t\u00e9lescopique et en version \u00e0 piston plongeant pour l\u2019atelier moderne VU.","robots":{"index":"index","follow":"follow","max-snippet":"max-snippet:-1","max-image-preview":"max-image-preview:large","max-video-preview":"max-video-preview:-1"},"canonical":"https:\/\/fuchs-hydraulik.de\/fr\/produits\/ponts-elevateurs-a-plots-electro-hydrauliques\/","og_locale":"fr_FR","og_type":"article","og_title":"Ponts \u00e9l\u00e9vateurs \u00e0 plots \u00e9lectro-hydrauliques","og_description":"Fuchs-Hydraulik fabrique des ponts \u00e9l\u00e9vateurs \u00e0 plots en construction t\u00e9lescopique et en version \u00e0 piston plongeant pour l\u2019atelier moderne VU.","og_url":"https:\/\/fuchs-hydraulik.de\/fr\/produits\/ponts-elevateurs-a-plots-electro-hydrauliques\/","og_site_name":"Fuchs-Hydraulik","article_modified_time":"2017-12-15T20:21:25+00:00","og_image":[{"url":"http:\/\/www.fuchs-hydraulik.de\/wp-content\/uploads\/2016\/04\/pdf.png","type":"","width":"","height":""}],"twitter_card":"summary_large_image","twitter_misc":{"Dur\u00e9e de lecture estim\u00e9e":"13 minutes"},"schema":{"@context":"https:\/\/schema.org","@graph":[{"@type":"WebPage","@id":"https:\/\/fuchs-hydraulik.de\/fr\/produits\/ponts-elevateurs-a-plots-electro-hydrauliques\/","url":"https:\/\/fuchs-hydraulik.de\/fr\/produits\/ponts-elevateurs-a-plots-electro-hydrauliques\/","name":"Ponts \u00e9l\u00e9vateurs \u00e0 plots \u00e9lectro-hydrauliques","isPartOf":{"@id":"https:\/\/fuchs-hydraulik.de\/#website"},"primaryImageOfPage":{"@id":"https:\/\/fuchs-hydraulik.de\/fr\/produits\/ponts-elevateurs-a-plots-electro-hydrauliques\/#primaryimage"},"image":{"@id":"https:\/\/fuchs-hydraulik.de\/fr\/produits\/ponts-elevateurs-a-plots-electro-hydrauliques\/#primaryimage"},"thumbnailUrl":"http:\/\/www.fuchs-hydraulik.de\/wp-content\/uploads\/2016\/04\/pdf.png","datePublished":"2016-04-11T18:32:16+00:00","dateModified":"2017-12-15T20:21:25+00:00","description":"Fuchs-Hydraulik fabrique des ponts \u00e9l\u00e9vateurs \u00e0 plots en construction t\u00e9lescopique et en version \u00e0 piston plongeant pour l\u2019atelier moderne VU.","breadcrumb":{"@id":"https:\/\/fuchs-hydraulik.de\/fr\/produits\/ponts-elevateurs-a-plots-electro-hydrauliques\/#breadcrumb"},"inLanguage":"fr-FR","potentialAction":[{"@type":"ReadAction","target":["https:\/\/fuchs-hydraulik.de\/fr\/produits\/ponts-elevateurs-a-plots-electro-hydrauliques\/"]}]},{"@type":"ImageObject","inLanguage":"fr-FR","@id":"https:\/\/fuchs-hydraulik.de\/fr\/produits\/ponts-elevateurs-a-plots-electro-hydrauliques\/#primaryimage","url":"http:\/\/www.fuchs-hydraulik.de\/wp-content\/uploads\/2016\/04\/pdf.png","contentUrl":"http:\/\/www.fuchs-hydraulik.de\/wp-content\/uploads\/2016\/04\/pdf.png"},{"@type":"BreadcrumbList","@id":"https:\/\/fuchs-hydraulik.de\/fr\/produits\/ponts-elevateurs-a-plots-electro-hydrauliques\/#breadcrumb","itemListElement":[{"@type":"ListItem","position":1,"name":"Startseite","item":"https:\/\/fuchs-hydraulik.de\/fr\/"},{"@type":"ListItem","position":2,"name":"Produits","item":"http:\/\/www.fuchs-hydraulik.de\/fr\/produits\/ponts-elevateurs-a-plots-electro-hydrauliques\/"},{"@type":"ListItem","position":3,"name":"Ponts \u00e9l\u00e9vateurs \u00e0 plots \u00e9lectro-hydrauliques"}]},{"@type":"WebSite","@id":"https:\/\/fuchs-hydraulik.de\/#website","url":"https:\/\/fuchs-hydraulik.de\/","name":"Fuchs-Hydraulik","description":"","potentialAction":[{"@type":"SearchAction","target":{"@type":"EntryPoint","urlTemplate":"https:\/\/fuchs-hydraulik.de\/?s={search_term_string}"},"query-input":{"@type":"PropertyValueSpecification","valueRequired":true,"valueName":"search_term_string"}}],"inLanguage":"fr-FR"}]}},"_links":{"self":[{"href":"https:\/\/fuchs-hydraulik.de\/fr\/wp-json\/wp\/v2\/pages\/623","targetHints":{"allow":["GET"]}}],"collection":[{"href":"https:\/\/fuchs-hydraulik.de\/fr\/wp-json\/wp\/v2\/pages"}],"about":[{"href":"https:\/\/fuchs-hydraulik.de\/fr\/wp-json\/wp\/v2\/types\/page"}],"author":[{"embeddable":true,"href":"https:\/\/fuchs-hydraulik.de\/fr\/wp-json\/wp\/v2\/users\/1"}],"replies":[{"embeddable":true,"href":"https:\/\/fuchs-hydraulik.de\/fr\/wp-json\/wp\/v2\/comments?post=623"}],"version-history":[{"count":25,"href":"https:\/\/fuchs-hydraulik.de\/fr\/wp-json\/wp\/v2\/pages\/623\/revisions"}],"predecessor-version":[{"id":1438,"href":"https:\/\/fuchs-hydraulik.de\/fr\/wp-json\/wp\/v2\/pages\/623\/revisions\/1438"}],"up":[{"embeddable":true,"href":"https:\/\/fuchs-hydraulik.de\/fr\/wp-json\/wp\/v2\/pages\/670"}],"wp:attachment":[{"href":"https:\/\/fuchs-hydraulik.de\/fr\/wp-json\/wp\/v2\/media?parent=623"}],"curies":[{"name":"wp","href":"https:\/\/api.w.org\/{rel}","templated":true}]}}