{"id":616,"date":"2016-04-16T12:21:44","date_gmt":"2016-04-16T10:21:44","guid":{"rendered":"http:\/\/www.fuchs-hydraulik.de\/hydraulische-grubenheber\/?lang=fr"},"modified":"2022-01-20T10:06:22","modified_gmt":"2022-01-20T09:06:22","slug":"elevateurs-hydrauliques-de-fosse","status":"publish","type":"page","link":"https:\/\/fuchs-hydraulik.de\/fr\/produits\/elevateurs-hydrauliques-de-fosse\/","title":{"rendered":"El\u00e9vateurs hydrauliques de fosse"},"content":{"rendered":"<div id=\"cs-content\" class=\"cs-content\"><\/div>\n","protected":false},"excerpt":{"rendered":"","protected":false},"author":1,"featured_media":0,"parent":670,"menu_order":0,"comment_status":"closed","ping_status":"closed","template":"template-blank-4.php","meta":{"footnotes":"","_links_to":"","_links_to_target":""},"class_list":["post-616","page","type-page","status-publish","hentry","no-post-thumbnail"],"yoast_head":"<!-- This site is optimized with the Yoast SEO plugin v25.7 - https:\/\/yoast.com\/wordpress\/plugins\/seo\/ -->\n<title>El\u00e9vateurs hydrauliques de fosse - Fuchs-Hydraulik<\/title>\n<meta name=\"description\" content=\"Fuchs-Hydraulik fabrique des \u00e9l\u00e9vateurs hydrauliques de fosse suspendus ou mobiles au sol certifi\u00e9s CE pour l\u2019atelier moderne VU.\" \/>\n<meta name=\"robots\" content=\"index, follow, max-snippet:-1, max-image-preview:large, max-video-preview:-1\" \/>\n<link rel=\"canonical\" href=\"https:\/\/fuchs-hydraulik.de\/fr\/produits\/elevateurs-hydrauliques-de-fosse\/\" \/>\n<meta property=\"og:locale\" content=\"fr_FR\" \/>\n<meta property=\"og:type\" content=\"article\" \/>\n<meta property=\"og:title\" content=\"El\u00e9vateurs hydrauliques de fosse - Fuchs-Hydraulik\" \/>\n<meta property=\"og:description\" content=\"Fuchs-Hydraulik fabrique des \u00e9l\u00e9vateurs hydrauliques de fosse suspendus ou mobiles au sol certifi\u00e9s CE pour l\u2019atelier moderne VU.\" \/>\n<meta property=\"og:url\" content=\"https:\/\/fuchs-hydraulik.de\/fr\/produits\/elevateurs-hydrauliques-de-fosse\/\" \/>\n<meta property=\"og:site_name\" content=\"Fuchs-Hydraulik\" \/>\n<meta property=\"article:modified_time\" content=\"2022-01-20T09:06:22+00:00\" \/>\n<meta property=\"og:image\" content=\"https:\/\/fuchs-hydraulik.de\/wp-content\/uploads\/2016\/04\/pdf.png\" \/>\n<meta name=\"twitter:card\" content=\"summary_large_image\" \/>\n<meta name=\"twitter:label1\" content=\"Dur\u00e9e de lecture estim\u00e9e\" \/>\n\t<meta name=\"twitter:data1\" content=\"22 minutes\" \/>\n<script type=\"application\/ld+json\" class=\"yoast-schema-graph\">{\"@context\":\"https:\/\/schema.org\",\"@graph\":[{\"@type\":\"WebPage\",\"@id\":\"https:\/\/fuchs-hydraulik.de\/fr\/produits\/elevateurs-hydrauliques-de-fosse\/\",\"url\":\"https:\/\/fuchs-hydraulik.de\/fr\/produits\/elevateurs-hydrauliques-de-fosse\/\",\"name\":\"El\u00e9vateurs hydrauliques de fosse - Fuchs-Hydraulik\",\"isPartOf\":{\"@id\":\"https:\/\/fuchs-hydraulik.de\/#website\"},\"primaryImageOfPage\":{\"@id\":\"https:\/\/fuchs-hydraulik.de\/fr\/produits\/elevateurs-hydrauliques-de-fosse\/#primaryimage\"},\"image\":{\"@id\":\"https:\/\/fuchs-hydraulik.de\/fr\/produits\/elevateurs-hydrauliques-de-fosse\/#primaryimage\"},\"thumbnailUrl\":\"http:\/\/www.fuchs-hydraulik.de\/wp-content\/uploads\/2016\/04\/pdf.png\",\"datePublished\":\"2016-04-16T10:21:44+00:00\",\"dateModified\":\"2022-01-20T09:06:22+00:00\",\"description\":\"Fuchs-Hydraulik fabrique des \u00e9l\u00e9vateurs hydrauliques de fosse suspendus ou mobiles au sol certifi\u00e9s CE pour l\u2019atelier moderne VU.\",\"breadcrumb\":{\"@id\":\"https:\/\/fuchs-hydraulik.de\/fr\/produits\/elevateurs-hydrauliques-de-fosse\/#breadcrumb\"},\"inLanguage\":\"fr-FR\",\"potentialAction\":[{\"@type\":\"ReadAction\",\"target\":[\"https:\/\/fuchs-hydraulik.de\/fr\/produits\/elevateurs-hydrauliques-de-fosse\/\"]}]},{\"@type\":\"ImageObject\",\"inLanguage\":\"fr-FR\",\"@id\":\"https:\/\/fuchs-hydraulik.de\/fr\/produits\/elevateurs-hydrauliques-de-fosse\/#primaryimage\",\"url\":\"http:\/\/www.fuchs-hydraulik.de\/wp-content\/uploads\/2016\/04\/pdf.png\",\"contentUrl\":\"http:\/\/www.fuchs-hydraulik.de\/wp-content\/uploads\/2016\/04\/pdf.png\"},{\"@type\":\"BreadcrumbList\",\"@id\":\"https:\/\/fuchs-hydraulik.de\/fr\/produits\/elevateurs-hydrauliques-de-fosse\/#breadcrumb\",\"itemListElement\":[{\"@type\":\"ListItem\",\"position\":1,\"name\":\"Startseite\",\"item\":\"https:\/\/fuchs-hydraulik.de\/fr\/\"},{\"@type\":\"ListItem\",\"position\":2,\"name\":\"Produits\",\"item\":\"http:\/\/www.fuchs-hydraulik.de\/fr\/produits\/ponts-elevateurs-a-plots-electro-hydrauliques\/\"},{\"@type\":\"ListItem\",\"position\":3,\"name\":\"El\u00e9vateurs hydrauliques de fosse\"}]},{\"@type\":\"WebSite\",\"@id\":\"https:\/\/fuchs-hydraulik.de\/#website\",\"url\":\"https:\/\/fuchs-hydraulik.de\/\",\"name\":\"Fuchs-Hydraulik\",\"description\":\"\",\"potentialAction\":[{\"@type\":\"SearchAction\",\"target\":{\"@type\":\"EntryPoint\",\"urlTemplate\":\"https:\/\/fuchs-hydraulik.de\/?s={search_term_string}\"},\"query-input\":{\"@type\":\"PropertyValueSpecification\",\"valueRequired\":true,\"valueName\":\"search_term_string\"}}],\"inLanguage\":\"fr-FR\"}]}<\/script>\n<!-- \/ Yoast SEO plugin. -->","yoast_head_json":{"title":"El\u00e9vateurs hydrauliques de fosse - Fuchs-Hydraulik","description":"Fuchs-Hydraulik fabrique des \u00e9l\u00e9vateurs hydrauliques de fosse suspendus ou mobiles au sol certifi\u00e9s CE pour l\u2019atelier moderne VU.","robots":{"index":"index","follow":"follow","max-snippet":"max-snippet:-1","max-image-preview":"max-image-preview:large","max-video-preview":"max-video-preview:-1"},"canonical":"https:\/\/fuchs-hydraulik.de\/fr\/produits\/elevateurs-hydrauliques-de-fosse\/","og_locale":"fr_FR","og_type":"article","og_title":"El\u00e9vateurs hydrauliques de fosse - Fuchs-Hydraulik","og_description":"Fuchs-Hydraulik fabrique des \u00e9l\u00e9vateurs hydrauliques de fosse suspendus ou mobiles au sol certifi\u00e9s CE pour l\u2019atelier moderne VU.","og_url":"https:\/\/fuchs-hydraulik.de\/fr\/produits\/elevateurs-hydrauliques-de-fosse\/","og_site_name":"Fuchs-Hydraulik","article_modified_time":"2022-01-20T09:06:22+00:00","og_image":[{"url":"https:\/\/fuchs-hydraulik.de\/wp-content\/uploads\/2016\/04\/pdf.png","type":"","width":"","height":""}],"twitter_card":"summary_large_image","twitter_misc":{"Dur\u00e9e de lecture estim\u00e9e":"22 minutes"},"schema":{"@context":"https:\/\/schema.org","@graph":[{"@type":"WebPage","@id":"https:\/\/fuchs-hydraulik.de\/fr\/produits\/elevateurs-hydrauliques-de-fosse\/","url":"https:\/\/fuchs-hydraulik.de\/fr\/produits\/elevateurs-hydrauliques-de-fosse\/","name":"El\u00e9vateurs hydrauliques de fosse - Fuchs-Hydraulik","isPartOf":{"@id":"https:\/\/fuchs-hydraulik.de\/#website"},"primaryImageOfPage":{"@id":"https:\/\/fuchs-hydraulik.de\/fr\/produits\/elevateurs-hydrauliques-de-fosse\/#primaryimage"},"image":{"@id":"https:\/\/fuchs-hydraulik.de\/fr\/produits\/elevateurs-hydrauliques-de-fosse\/#primaryimage"},"thumbnailUrl":"http:\/\/www.fuchs-hydraulik.de\/wp-content\/uploads\/2016\/04\/pdf.png","datePublished":"2016-04-16T10:21:44+00:00","dateModified":"2022-01-20T09:06:22+00:00","description":"Fuchs-Hydraulik fabrique des \u00e9l\u00e9vateurs hydrauliques de fosse suspendus ou mobiles au sol certifi\u00e9s CE pour l\u2019atelier moderne VU.","breadcrumb":{"@id":"https:\/\/fuchs-hydraulik.de\/fr\/produits\/elevateurs-hydrauliques-de-fosse\/#breadcrumb"},"inLanguage":"fr-FR","potentialAction":[{"@type":"ReadAction","target":["https:\/\/fuchs-hydraulik.de\/fr\/produits\/elevateurs-hydrauliques-de-fosse\/"]}]},{"@type":"ImageObject","inLanguage":"fr-FR","@id":"https:\/\/fuchs-hydraulik.de\/fr\/produits\/elevateurs-hydrauliques-de-fosse\/#primaryimage","url":"http:\/\/www.fuchs-hydraulik.de\/wp-content\/uploads\/2016\/04\/pdf.png","contentUrl":"http:\/\/www.fuchs-hydraulik.de\/wp-content\/uploads\/2016\/04\/pdf.png"},{"@type":"BreadcrumbList","@id":"https:\/\/fuchs-hydraulik.de\/fr\/produits\/elevateurs-hydrauliques-de-fosse\/#breadcrumb","itemListElement":[{"@type":"ListItem","position":1,"name":"Startseite","item":"https:\/\/fuchs-hydraulik.de\/fr\/"},{"@type":"ListItem","position":2,"name":"Produits","item":"http:\/\/www.fuchs-hydraulik.de\/fr\/produits\/ponts-elevateurs-a-plots-electro-hydrauliques\/"},{"@type":"ListItem","position":3,"name":"El\u00e9vateurs hydrauliques de fosse"}]},{"@type":"WebSite","@id":"https:\/\/fuchs-hydraulik.de\/#website","url":"https:\/\/fuchs-hydraulik.de\/","name":"Fuchs-Hydraulik","description":"","potentialAction":[{"@type":"SearchAction","target":{"@type":"EntryPoint","urlTemplate":"https:\/\/fuchs-hydraulik.de\/?s={search_term_string}"},"query-input":{"@type":"PropertyValueSpecification","valueRequired":true,"valueName":"search_term_string"}}],"inLanguage":"fr-FR"}]}},"_links":{"self":[{"href":"https:\/\/fuchs-hydraulik.de\/fr\/wp-json\/wp\/v2\/pages\/616","targetHints":{"allow":["GET"]}}],"collection":[{"href":"https:\/\/fuchs-hydraulik.de\/fr\/wp-json\/wp\/v2\/pages"}],"about":[{"href":"https:\/\/fuchs-hydraulik.de\/fr\/wp-json\/wp\/v2\/types\/page"}],"author":[{"embeddable":true,"href":"https:\/\/fuchs-hydraulik.de\/fr\/wp-json\/wp\/v2\/users\/1"}],"replies":[{"embeddable":true,"href":"https:\/\/fuchs-hydraulik.de\/fr\/wp-json\/wp\/v2\/comments?post=616"}],"version-history":[{"count":11,"href":"https:\/\/fuchs-hydraulik.de\/fr\/wp-json\/wp\/v2\/pages\/616\/revisions"}],"predecessor-version":[{"id":14632,"href":"https:\/\/fuchs-hydraulik.de\/fr\/wp-json\/wp\/v2\/pages\/616\/revisions\/14632"}],"up":[{"embeddable":true,"href":"https:\/\/fuchs-hydraulik.de\/fr\/wp-json\/wp\/v2\/pages\/670"}],"wp:attachment":[{"href":"https:\/\/fuchs-hydraulik.de\/fr\/wp-json\/wp\/v2\/media?parent=616"}],"curies":[{"name":"wp","href":"https:\/\/api.w.org\/{rel}","templated":true}]}}