{"id":603,"date":"2016-04-16T12:22:41","date_gmt":"2016-04-16T10:22:41","guid":{"rendered":"http:\/\/www.fuchs-hydraulik.de\/hydraulische-aggregateheber\/?lang=fr"},"modified":"2017-07-20T23:11:25","modified_gmt":"2017-07-20T21:11:25","slug":"elevateurs-hydrauliques-de-moteurs-et-transmissions","status":"publish","type":"page","link":"https:\/\/fuchs-hydraulik.de\/fr\/produits\/elevateurs-hydrauliques-de-moteurs-et-transmissions\/","title":{"rendered":"\u00c9l\u00e9vateurs hydrauliques de moteurs et transmissions"},"content":{"rendered":"<div id=\"cs-content\" class=\"cs-content\"><\/div>\n","protected":false},"excerpt":{"rendered":"","protected":false},"author":1,"featured_media":0,"parent":670,"menu_order":0,"comment_status":"closed","ping_status":"closed","template":"template-blank-4.php","meta":{"footnotes":"","_links_to":"","_links_to_target":""},"class_list":["post-603","page","type-page","status-publish","hentry","no-post-thumbnail"],"yoast_head":"<!-- This site is optimized with the Yoast SEO plugin v25.7 - https:\/\/yoast.com\/wordpress\/plugins\/seo\/ -->\n<title>\u00c9l\u00e9vateurs hydrauliques de groupes m\u00e9caniques<\/title>\n<meta name=\"description\" content=\"Fuchs-Hydraulik fabrique des \u00e9l\u00e9vateurs pour groupes m\u00e9caniques facilitant le travail sur moteurs, transmissions et essieux de VP, fourgons et VU.\" \/>\n<meta name=\"robots\" content=\"index, follow, max-snippet:-1, max-image-preview:large, max-video-preview:-1\" \/>\n<link rel=\"canonical\" href=\"https:\/\/fuchs-hydraulik.de\/fr\/produits\/elevateurs-hydrauliques-de-moteurs-et-transmissions\/\" \/>\n<meta property=\"og:locale\" content=\"fr_FR\" \/>\n<meta property=\"og:type\" content=\"article\" \/>\n<meta property=\"og:title\" content=\"\u00c9l\u00e9vateurs hydrauliques de groupes m\u00e9caniques\" \/>\n<meta property=\"og:description\" content=\"Fuchs-Hydraulik fabrique des \u00e9l\u00e9vateurs pour groupes m\u00e9caniques facilitant le travail sur moteurs, transmissions et essieux de VP, fourgons et VU.\" \/>\n<meta property=\"og:url\" content=\"https:\/\/fuchs-hydraulik.de\/fr\/produits\/elevateurs-hydrauliques-de-moteurs-et-transmissions\/\" \/>\n<meta property=\"og:site_name\" content=\"Fuchs-Hydraulik\" \/>\n<meta property=\"article:modified_time\" content=\"2017-07-20T21:11:25+00:00\" \/>\n<meta property=\"og:image\" content=\"http:\/\/www.fuchs-hydraulik.de\/wp-content\/uploads\/2016\/04\/pdf.png\" \/>\n<meta name=\"twitter:card\" content=\"summary_large_image\" \/>\n<meta name=\"twitter:label1\" content=\"Dur\u00e9e de lecture estim\u00e9e\" \/>\n\t<meta name=\"twitter:data1\" content=\"9 minutes\" \/>\n<script type=\"application\/ld+json\" class=\"yoast-schema-graph\">{\"@context\":\"https:\/\/schema.org\",\"@graph\":[{\"@type\":\"WebPage\",\"@id\":\"https:\/\/fuchs-hydraulik.de\/fr\/produits\/elevateurs-hydrauliques-de-moteurs-et-transmissions\/\",\"url\":\"https:\/\/fuchs-hydraulik.de\/fr\/produits\/elevateurs-hydrauliques-de-moteurs-et-transmissions\/\",\"name\":\"\u00c9l\u00e9vateurs hydrauliques de groupes m\u00e9caniques\",\"isPartOf\":{\"@id\":\"https:\/\/fuchs-hydraulik.de\/#website\"},\"primaryImageOfPage\":{\"@id\":\"https:\/\/fuchs-hydraulik.de\/fr\/produits\/elevateurs-hydrauliques-de-moteurs-et-transmissions\/#primaryimage\"},\"image\":{\"@id\":\"https:\/\/fuchs-hydraulik.de\/fr\/produits\/elevateurs-hydrauliques-de-moteurs-et-transmissions\/#primaryimage\"},\"thumbnailUrl\":\"http:\/\/www.fuchs-hydraulik.de\/wp-content\/uploads\/2016\/04\/pdf.png\",\"datePublished\":\"2016-04-16T10:22:41+00:00\",\"dateModified\":\"2017-07-20T21:11:25+00:00\",\"description\":\"Fuchs-Hydraulik fabrique des \u00e9l\u00e9vateurs pour groupes m\u00e9caniques facilitant le travail sur moteurs, transmissions et essieux de VP, fourgons et VU.\",\"breadcrumb\":{\"@id\":\"https:\/\/fuchs-hydraulik.de\/fr\/produits\/elevateurs-hydrauliques-de-moteurs-et-transmissions\/#breadcrumb\"},\"inLanguage\":\"fr-FR\",\"potentialAction\":[{\"@type\":\"ReadAction\",\"target\":[\"https:\/\/fuchs-hydraulik.de\/fr\/produits\/elevateurs-hydrauliques-de-moteurs-et-transmissions\/\"]}]},{\"@type\":\"ImageObject\",\"inLanguage\":\"fr-FR\",\"@id\":\"https:\/\/fuchs-hydraulik.de\/fr\/produits\/elevateurs-hydrauliques-de-moteurs-et-transmissions\/#primaryimage\",\"url\":\"http:\/\/www.fuchs-hydraulik.de\/wp-content\/uploads\/2016\/04\/pdf.png\",\"contentUrl\":\"http:\/\/www.fuchs-hydraulik.de\/wp-content\/uploads\/2016\/04\/pdf.png\"},{\"@type\":\"BreadcrumbList\",\"@id\":\"https:\/\/fuchs-hydraulik.de\/fr\/produits\/elevateurs-hydrauliques-de-moteurs-et-transmissions\/#breadcrumb\",\"itemListElement\":[{\"@type\":\"ListItem\",\"position\":1,\"name\":\"Startseite\",\"item\":\"https:\/\/fuchs-hydraulik.de\/fr\/\"},{\"@type\":\"ListItem\",\"position\":2,\"name\":\"Produits\",\"item\":\"http:\/\/www.fuchs-hydraulik.de\/fr\/produits\/ponts-elevateurs-a-plots-electro-hydrauliques\/\"},{\"@type\":\"ListItem\",\"position\":3,\"name\":\"\u00c9l\u00e9vateurs hydrauliques de moteurs et transmissions\"}]},{\"@type\":\"WebSite\",\"@id\":\"https:\/\/fuchs-hydraulik.de\/#website\",\"url\":\"https:\/\/fuchs-hydraulik.de\/\",\"name\":\"Fuchs-Hydraulik\",\"description\":\"\",\"potentialAction\":[{\"@type\":\"SearchAction\",\"target\":{\"@type\":\"EntryPoint\",\"urlTemplate\":\"https:\/\/fuchs-hydraulik.de\/?s={search_term_string}\"},\"query-input\":{\"@type\":\"PropertyValueSpecification\",\"valueRequired\":true,\"valueName\":\"search_term_string\"}}],\"inLanguage\":\"fr-FR\"}]}<\/script>\n<!-- \/ Yoast SEO plugin. -->","yoast_head_json":{"title":"\u00c9l\u00e9vateurs hydrauliques de groupes m\u00e9caniques","description":"Fuchs-Hydraulik fabrique des \u00e9l\u00e9vateurs pour groupes m\u00e9caniques facilitant le travail sur moteurs, transmissions et essieux de VP, fourgons et VU.","robots":{"index":"index","follow":"follow","max-snippet":"max-snippet:-1","max-image-preview":"max-image-preview:large","max-video-preview":"max-video-preview:-1"},"canonical":"https:\/\/fuchs-hydraulik.de\/fr\/produits\/elevateurs-hydrauliques-de-moteurs-et-transmissions\/","og_locale":"fr_FR","og_type":"article","og_title":"\u00c9l\u00e9vateurs hydrauliques de groupes m\u00e9caniques","og_description":"Fuchs-Hydraulik fabrique des \u00e9l\u00e9vateurs pour groupes m\u00e9caniques facilitant le travail sur moteurs, transmissions et essieux de VP, fourgons et VU.","og_url":"https:\/\/fuchs-hydraulik.de\/fr\/produits\/elevateurs-hydrauliques-de-moteurs-et-transmissions\/","og_site_name":"Fuchs-Hydraulik","article_modified_time":"2017-07-20T21:11:25+00:00","og_image":[{"url":"http:\/\/www.fuchs-hydraulik.de\/wp-content\/uploads\/2016\/04\/pdf.png","type":"","width":"","height":""}],"twitter_card":"summary_large_image","twitter_misc":{"Dur\u00e9e de lecture estim\u00e9e":"9 minutes"},"schema":{"@context":"https:\/\/schema.org","@graph":[{"@type":"WebPage","@id":"https:\/\/fuchs-hydraulik.de\/fr\/produits\/elevateurs-hydrauliques-de-moteurs-et-transmissions\/","url":"https:\/\/fuchs-hydraulik.de\/fr\/produits\/elevateurs-hydrauliques-de-moteurs-et-transmissions\/","name":"\u00c9l\u00e9vateurs hydrauliques de groupes m\u00e9caniques","isPartOf":{"@id":"https:\/\/fuchs-hydraulik.de\/#website"},"primaryImageOfPage":{"@id":"https:\/\/fuchs-hydraulik.de\/fr\/produits\/elevateurs-hydrauliques-de-moteurs-et-transmissions\/#primaryimage"},"image":{"@id":"https:\/\/fuchs-hydraulik.de\/fr\/produits\/elevateurs-hydrauliques-de-moteurs-et-transmissions\/#primaryimage"},"thumbnailUrl":"http:\/\/www.fuchs-hydraulik.de\/wp-content\/uploads\/2016\/04\/pdf.png","datePublished":"2016-04-16T10:22:41+00:00","dateModified":"2017-07-20T21:11:25+00:00","description":"Fuchs-Hydraulik fabrique des \u00e9l\u00e9vateurs pour groupes m\u00e9caniques facilitant le travail sur moteurs, transmissions et essieux de VP, fourgons et VU.","breadcrumb":{"@id":"https:\/\/fuchs-hydraulik.de\/fr\/produits\/elevateurs-hydrauliques-de-moteurs-et-transmissions\/#breadcrumb"},"inLanguage":"fr-FR","potentialAction":[{"@type":"ReadAction","target":["https:\/\/fuchs-hydraulik.de\/fr\/produits\/elevateurs-hydrauliques-de-moteurs-et-transmissions\/"]}]},{"@type":"ImageObject","inLanguage":"fr-FR","@id":"https:\/\/fuchs-hydraulik.de\/fr\/produits\/elevateurs-hydrauliques-de-moteurs-et-transmissions\/#primaryimage","url":"http:\/\/www.fuchs-hydraulik.de\/wp-content\/uploads\/2016\/04\/pdf.png","contentUrl":"http:\/\/www.fuchs-hydraulik.de\/wp-content\/uploads\/2016\/04\/pdf.png"},{"@type":"BreadcrumbList","@id":"https:\/\/fuchs-hydraulik.de\/fr\/produits\/elevateurs-hydrauliques-de-moteurs-et-transmissions\/#breadcrumb","itemListElement":[{"@type":"ListItem","position":1,"name":"Startseite","item":"https:\/\/fuchs-hydraulik.de\/fr\/"},{"@type":"ListItem","position":2,"name":"Produits","item":"http:\/\/www.fuchs-hydraulik.de\/fr\/produits\/ponts-elevateurs-a-plots-electro-hydrauliques\/"},{"@type":"ListItem","position":3,"name":"\u00c9l\u00e9vateurs hydrauliques de moteurs et transmissions"}]},{"@type":"WebSite","@id":"https:\/\/fuchs-hydraulik.de\/#website","url":"https:\/\/fuchs-hydraulik.de\/","name":"Fuchs-Hydraulik","description":"","potentialAction":[{"@type":"SearchAction","target":{"@type":"EntryPoint","urlTemplate":"https:\/\/fuchs-hydraulik.de\/?s={search_term_string}"},"query-input":{"@type":"PropertyValueSpecification","valueRequired":true,"valueName":"search_term_string"}}],"inLanguage":"fr-FR"}]}},"_links":{"self":[{"href":"https:\/\/fuchs-hydraulik.de\/fr\/wp-json\/wp\/v2\/pages\/603","targetHints":{"allow":["GET"]}}],"collection":[{"href":"https:\/\/fuchs-hydraulik.de\/fr\/wp-json\/wp\/v2\/pages"}],"about":[{"href":"https:\/\/fuchs-hydraulik.de\/fr\/wp-json\/wp\/v2\/types\/page"}],"author":[{"embeddable":true,"href":"https:\/\/fuchs-hydraulik.de\/fr\/wp-json\/wp\/v2\/users\/1"}],"replies":[{"embeddable":true,"href":"https:\/\/fuchs-hydraulik.de\/fr\/wp-json\/wp\/v2\/comments?post=603"}],"version-history":[{"count":7,"href":"https:\/\/fuchs-hydraulik.de\/fr\/wp-json\/wp\/v2\/pages\/603\/revisions"}],"predecessor-version":[{"id":1408,"href":"https:\/\/fuchs-hydraulik.de\/fr\/wp-json\/wp\/v2\/pages\/603\/revisions\/1408"}],"up":[{"embeddable":true,"href":"https:\/\/fuchs-hydraulik.de\/fr\/wp-json\/wp\/v2\/pages\/670"}],"wp:attachment":[{"href":"https:\/\/fuchs-hydraulik.de\/fr\/wp-json\/wp\/v2\/media?parent=603"}],"curies":[{"name":"wp","href":"https:\/\/api.w.org\/{rel}","templated":true}]}}