{"id":565,"date":"2016-01-08T11:59:39","date_gmt":"2016-01-08T10:59:39","guid":{"rendered":"http:\/\/www.fuchs-hydraulik.de\/impressum\/?lang=en"},"modified":"2018-05-25T12:28:15","modified_gmt":"2018-05-25T10:28:15","slug":"imprint","status":"publish","type":"page","link":"https:\/\/fuchs-hydraulik.de\/en\/imprint\/","title":{"rendered":"Imprint"},"content":{"rendered":"<p class=\"p1\"><span class=\"s1\">Fuchs-Hydraulik GmbH<br \/>\nMeckenbacher Weg 100<br \/>\n55606 Kirn<br \/>\nPhone: +49 (0) 6752-9311-0<br \/>\nFax: +49 (0) 6752-9311-88<br \/>\nE-Mail: info@fuchs-hydraulik.de<br \/>\nInternet: https:\/\/www.fuchs-hydraulik.de<br \/>\nFuchs-Hydraulik GmbH is represented by: Gesch\u00e4ftsf\u00fchrer: Uwe L\u00f6rsch und Thomas Kemmer<\/span><span class=\"s1\">\u00a0<\/span><\/p>\n<p class=\"p1\"><span class=\"s1\">Register jurisdiction: AG Bad Kreuznach<br \/>\nCommercial Register<br \/>\nRegistration number: HRB 22132<\/span><\/p>\n<p class=\"p1\"><span class=\"s1\"><i>Umsatzsteuer-Identifikationsnummer <\/i>(VAT identification number) according to \u00a7 27a of the <i>Umsatzsteuergesetz<\/i> (<i>UStG<\/i>, Sales Tax Law): DE815564075<\/span><\/p>\n<p class=\"p1\"><span class=\"s1\">Document produced and updated by <a href=\"https:\/\/www.datenschutz-janolaw.de\"><span class=\"s2\">janolaw AG<\/span><\/a>.<\/span><\/p>\n","protected":false},"excerpt":{"rendered":"<p>Fuchs-Hydraulik GmbH Meckenbacher Weg 100 55606 Kirn Phone: +49 (0) 6752-9311-0 Fax: +49 (0) 6752-9311-88 E-Mail: info@fuchs-hydraulik.de Internet: https:\/\/www.fuchs-hydraulik.de Fuchs-Hydraulik GmbH is represented by: Gesch\u00e4ftsf\u00fchrer: Uwe L\u00f6rsch und Thomas Kemmer\u00a0 Register jurisdiction: AG Bad Kreuznach Commercial Register Registration number: HRB 22132 Umsatzsteuer-Identifikationsnummer (VAT identification number) according to \u00a7 27a of the Umsatzsteuergesetz (UStG, Sales Tax Law): DE815564075 Document produced and &#8230; <\/p>\n<div><a href=\"https:\/\/fuchs-hydraulik.de\/en\/imprint\/\" class=\"more-link\">Read More<\/a><\/div>\n","protected":false},"author":1,"featured_media":0,"parent":0,"menu_order":0,"comment_status":"closed","ping_status":"closed","template":"template-layout-full-width.php","meta":{"footnotes":"","_links_to":"","_links_to_target":""},"class_list":["post-565","page","type-page","status-publish","hentry","no-post-thumbnail"],"yoast_head":"<!-- This site is optimized with the Yoast SEO plugin v25.7 - https:\/\/yoast.com\/wordpress\/plugins\/seo\/ -->\n<title>Imprint - Fuchs-Hydraulik<\/title>\n<meta name=\"robots\" content=\"index, follow, max-snippet:-1, max-image-preview:large, max-video-preview:-1\" \/>\n<link rel=\"canonical\" href=\"https:\/\/fuchs-hydraulik.de\/en\/imprint\/\" \/>\n<meta property=\"og:locale\" content=\"en_US\" \/>\n<meta property=\"og:type\" content=\"article\" \/>\n<meta property=\"og:title\" content=\"Imprint - Fuchs-Hydraulik\" \/>\n<meta property=\"og:description\" content=\"Fuchs-Hydraulik GmbH Meckenbacher Weg 100 55606 Kirn Phone: +49 (0) 6752-9311-0 Fax: +49 (0) 6752-9311-88 E-Mail: info@fuchs-hydraulik.de Internet: https:\/\/www.fuchs-hydraulik.de Fuchs-Hydraulik GmbH is represented by: Gesch\u00e4ftsf\u00fchrer: Uwe L\u00f6rsch und Thomas Kemmer\u00a0 Register jurisdiction: AG Bad Kreuznach Commercial Register Registration number: HRB 22132 Umsatzsteuer-Identifikationsnummer (VAT identification number) according to \u00a7 27a of the Umsatzsteuergesetz (UStG, Sales Tax Law): DE815564075 Document produced and ... Read More\" \/>\n<meta property=\"og:url\" content=\"https:\/\/fuchs-hydraulik.de\/en\/imprint\/\" \/>\n<meta property=\"og:site_name\" content=\"Fuchs-Hydraulik\" \/>\n<meta property=\"article:modified_time\" content=\"2018-05-25T10:28:15+00:00\" \/>\n<meta name=\"twitter:card\" content=\"summary_large_image\" \/>\n<script type=\"application\/ld+json\" class=\"yoast-schema-graph\">{\"@context\":\"https:\/\/schema.org\",\"@graph\":[{\"@type\":\"WebPage\",\"@id\":\"https:\/\/fuchs-hydraulik.de\/en\/imprint\/\",\"url\":\"https:\/\/fuchs-hydraulik.de\/en\/imprint\/\",\"name\":\"Imprint - Fuchs-Hydraulik\",\"isPartOf\":{\"@id\":\"https:\/\/fuchs-hydraulik.de\/#website\"},\"datePublished\":\"2016-01-08T10:59:39+00:00\",\"dateModified\":\"2018-05-25T10:28:15+00:00\",\"breadcrumb\":{\"@id\":\"https:\/\/fuchs-hydraulik.de\/en\/imprint\/#breadcrumb\"},\"inLanguage\":\"en-US\",\"potentialAction\":[{\"@type\":\"ReadAction\",\"target\":[\"https:\/\/fuchs-hydraulik.de\/en\/imprint\/\"]}]},{\"@type\":\"BreadcrumbList\",\"@id\":\"https:\/\/fuchs-hydraulik.de\/en\/imprint\/#breadcrumb\",\"itemListElement\":[{\"@type\":\"ListItem\",\"position\":1,\"name\":\"Startseite\",\"item\":\"https:\/\/fuchs-hydraulik.de\/en\/\"},{\"@type\":\"ListItem\",\"position\":2,\"name\":\"Imprint\"}]},{\"@type\":\"WebSite\",\"@id\":\"https:\/\/fuchs-hydraulik.de\/#website\",\"url\":\"https:\/\/fuchs-hydraulik.de\/\",\"name\":\"Fuchs-Hydraulik\",\"description\":\"\",\"potentialAction\":[{\"@type\":\"SearchAction\",\"target\":{\"@type\":\"EntryPoint\",\"urlTemplate\":\"https:\/\/fuchs-hydraulik.de\/?s={search_term_string}\"},\"query-input\":{\"@type\":\"PropertyValueSpecification\",\"valueRequired\":true,\"valueName\":\"search_term_string\"}}],\"inLanguage\":\"en-US\"}]}<\/script>\n<!-- \/ Yoast SEO plugin. -->","yoast_head_json":{"title":"Imprint - Fuchs-Hydraulik","robots":{"index":"index","follow":"follow","max-snippet":"max-snippet:-1","max-image-preview":"max-image-preview:large","max-video-preview":"max-video-preview:-1"},"canonical":"https:\/\/fuchs-hydraulik.de\/en\/imprint\/","og_locale":"en_US","og_type":"article","og_title":"Imprint - Fuchs-Hydraulik","og_description":"Fuchs-Hydraulik GmbH Meckenbacher Weg 100 55606 Kirn Phone: +49 (0) 6752-9311-0 Fax: +49 (0) 6752-9311-88 E-Mail: info@fuchs-hydraulik.de Internet: https:\/\/www.fuchs-hydraulik.de Fuchs-Hydraulik GmbH is represented by: Gesch\u00e4ftsf\u00fchrer: Uwe L\u00f6rsch und Thomas Kemmer\u00a0 Register jurisdiction: AG Bad Kreuznach Commercial Register Registration number: HRB 22132 Umsatzsteuer-Identifikationsnummer (VAT identification number) according to \u00a7 27a of the Umsatzsteuergesetz (UStG, Sales Tax Law): DE815564075 Document produced and ... Read More","og_url":"https:\/\/fuchs-hydraulik.de\/en\/imprint\/","og_site_name":"Fuchs-Hydraulik","article_modified_time":"2018-05-25T10:28:15+00:00","twitter_card":"summary_large_image","schema":{"@context":"https:\/\/schema.org","@graph":[{"@type":"WebPage","@id":"https:\/\/fuchs-hydraulik.de\/en\/imprint\/","url":"https:\/\/fuchs-hydraulik.de\/en\/imprint\/","name":"Imprint - Fuchs-Hydraulik","isPartOf":{"@id":"https:\/\/fuchs-hydraulik.de\/#website"},"datePublished":"2016-01-08T10:59:39+00:00","dateModified":"2018-05-25T10:28:15+00:00","breadcrumb":{"@id":"https:\/\/fuchs-hydraulik.de\/en\/imprint\/#breadcrumb"},"inLanguage":"en-US","potentialAction":[{"@type":"ReadAction","target":["https:\/\/fuchs-hydraulik.de\/en\/imprint\/"]}]},{"@type":"BreadcrumbList","@id":"https:\/\/fuchs-hydraulik.de\/en\/imprint\/#breadcrumb","itemListElement":[{"@type":"ListItem","position":1,"name":"Startseite","item":"https:\/\/fuchs-hydraulik.de\/en\/"},{"@type":"ListItem","position":2,"name":"Imprint"}]},{"@type":"WebSite","@id":"https:\/\/fuchs-hydraulik.de\/#website","url":"https:\/\/fuchs-hydraulik.de\/","name":"Fuchs-Hydraulik","description":"","potentialAction":[{"@type":"SearchAction","target":{"@type":"EntryPoint","urlTemplate":"https:\/\/fuchs-hydraulik.de\/?s={search_term_string}"},"query-input":{"@type":"PropertyValueSpecification","valueRequired":true,"valueName":"search_term_string"}}],"inLanguage":"en-US"}]}},"_links":{"self":[{"href":"https:\/\/fuchs-hydraulik.de\/en\/wp-json\/wp\/v2\/pages\/565","targetHints":{"allow":["GET"]}}],"collection":[{"href":"https:\/\/fuchs-hydraulik.de\/en\/wp-json\/wp\/v2\/pages"}],"about":[{"href":"https:\/\/fuchs-hydraulik.de\/en\/wp-json\/wp\/v2\/types\/page"}],"author":[{"embeddable":true,"href":"https:\/\/fuchs-hydraulik.de\/en\/wp-json\/wp\/v2\/users\/1"}],"replies":[{"embeddable":true,"href":"https:\/\/fuchs-hydraulik.de\/en\/wp-json\/wp\/v2\/comments?post=565"}],"version-history":[{"count":9,"href":"https:\/\/fuchs-hydraulik.de\/en\/wp-json\/wp\/v2\/pages\/565\/revisions"}],"predecessor-version":[{"id":1573,"href":"https:\/\/fuchs-hydraulik.de\/en\/wp-json\/wp\/v2\/pages\/565\/revisions\/1573"}],"wp:attachment":[{"href":"https:\/\/fuchs-hydraulik.de\/en\/wp-json\/wp\/v2\/media?parent=565"}],"curies":[{"name":"wp","href":"https:\/\/api.w.org\/{rel}","templated":true}]}}